{"id":3375,"date":"2020-09-11T12:30:36","date_gmt":"2020-09-11T10:30:36","guid":{"rendered":"http:\/\/kitcheninnovationaward.solution25s1.timmeserver.de\/?page_id=3375"},"modified":"2024-09-05T14:14:04","modified_gmt":"2024-09-05T12:14:04","slug":"teilnahme","status":"publish","type":"page","link":"https:\/\/lifestyleinnovationaward.de\/en\/teilnahme\/","title":{"rendered":"Participation"},"content":{"rendered":"<div data-elementor-type=\"wp-page\" data-elementor-id=\"3375\" class=\"elementor elementor-3375\">\n\t\t\t\t\t\t<section class=\"elementor-section elementor-top-section elementor-element elementor-element-76e3ff9 elementor-section-full_width elementor-section-height-default elementor-section-height-default\" data-id=\"76e3ff9\" data-element_type=\"section\">\n\t\t\t\t\t\t<div class=\"elementor-container elementor-column-gap-default\">\n\t\t\t\t\t<div class=\"elementor-column elementor-col-100 elementor-top-column elementor-element elementor-element-663deb7\" data-id=\"663deb7\" data-element_type=\"column\" data-settings=\"{&quot;background_background&quot;:&quot;classic&quot;}\">\n\t\t\t<div class=\"elementor-widget-wrap elementor-element-populated\">\n\t\t\t\t\t\t<section class=\"elementor-section elementor-inner-section elementor-element elementor-element-35309b7 elementor-section-boxed elementor-section-height-default elementor-section-height-default\" data-id=\"35309b7\" data-element_type=\"section\" data-settings=\"{&quot;background_background&quot;:&quot;slideshow&quot;,&quot;background_slideshow_gallery&quot;:[{&quot;id&quot;:4648,&quot;url&quot;:&quot;https:\\\/\\\/lifestyleinnovationaward.de\\\/wp-content\\\/uploads\\\/2021\\\/05\\\/Teilnehmer_Header.jpg&quot;}],&quot;background_slideshow_loop&quot;:&quot;yes&quot;,&quot;background_slideshow_slide_duration&quot;:5000,&quot;background_slideshow_slide_transition&quot;:&quot;fade&quot;,&quot;background_slideshow_transition_duration&quot;:500}\">\n\t\t\t\t\t\t<div class=\"elementor-container elementor-column-gap-default\">\n\t\t\t\t\t<div class=\"elementor-column elementor-col-100 elementor-inner-column elementor-element elementor-element-c18126b\" data-id=\"c18126b\" data-element_type=\"column\">\n\t\t\t<div class=\"elementor-widget-wrap elementor-element-populated\">\n\t\t\t\t\t\t<div class=\"elementor-element elementor-element-a0ede53 elementor-widget elementor-widget-shortcode\" data-id=\"a0ede53\" data-element_type=\"widget\" data-widget_type=\"shortcode.default\">\n\t\t\t\t<div class=\"elementor-widget-container\">\n\t\t\t\t\t<div class=\"elementor-shortcode\"> \t\t\t<!-- Flexy Breadcrumb -->\r\n\t\t\t<div class=\"fbc fbc-page\">\r\n\r\n\t\t\t\t<!-- Breadcrumb wrapper -->\r\n\t\t\t\t<div class=\"fbc-wrap\">\r\n\r\n\t\t\t\t\t<!-- Ordered list-->\r\n\t\t\t\t\t<ol class=\"fbc-items\" itemscope itemtype=\"https:\/\/schema.org\/BreadcrumbList\">\r\n\t\t\t\t\t\t            <li itemprop=\"itemListElement\" itemscope itemtype=\"https:\/\/schema.org\/ListItem\">\r\n                <span itemprop=\"name\">\r\n                    <!-- Home Link -->\r\n                    <a itemprop=\"item\" href=\"https:\/\/lifestyleinnovationaward.de\/en\/\">\r\n                    \r\n                        Home                    <\/a>\r\n                <\/span>\r\n                <meta itemprop=\"position\" content=\"1\" \/><!-- Meta Position-->\r\n             <\/li><li><span class=\"fbc-separator\"><\/span><\/li><li class=\"active\" itemprop=\"itemListElement\" itemscope itemtype=\"https:\/\/schema.org\/ListItem\"><span itemprop=\"name\" title=\"Participation\">Participation<\/span><meta itemprop=\"position\" content=\"2\" \/><\/li>\t\t\t\t\t<\/ol>\r\n\t\t\t\t\t<div class=\"clearfix\"><\/div>\r\n\t\t\t\t<\/div>\r\n\t\t\t<\/div>\r\n\t\t\t \n<\/div>\n\t\t\t\t<\/div>\n\t\t\t\t<\/div>\n\t\t\t\t\t<\/div>\n\t\t<\/div>\n\t\t\t\t\t<\/div>\n\t\t<\/section>\n\t\t\t\t\t<\/div>\n\t\t<\/div>\n\t\t\t\t\t<\/div>\n\t\t<\/section>\n\t\t\t\t<section class=\"elementor-section elementor-top-section elementor-element elementor-element-b2753ca elementor-section-boxed elementor-section-height-default elementor-section-height-default\" data-id=\"b2753ca\" data-element_type=\"section\">\n\t\t\t\t\t\t<div class=\"elementor-container elementor-column-gap-default\">\n\t\t\t\t\t<div class=\"elementor-column elementor-col-100 elementor-top-column elementor-element elementor-element-29a74df\" data-id=\"29a74df\" data-element_type=\"column\">\n\t\t\t<div class=\"elementor-widget-wrap elementor-element-populated\">\n\t\t\t\t\t\t<div class=\"elementor-element elementor-element-9716532 elementor-widget elementor-widget-heading\" data-id=\"9716532\" data-element_type=\"widget\" data-widget_type=\"heading.default\">\n\t\t\t\t<div class=\"elementor-widget-container\">\n\t\t\t<h1 class=\"elementor-heading-title elementor-size-default\">PARTICIPATION &amp; REGISTRATION<\/h1>\t\t<\/div>\n\t\t\t\t<\/div>\n\t\t\t\t<div class=\"elementor-element elementor-element-abb04c1 elementor-widget elementor-widget-heading\" data-id=\"abb04c1\" data-element_type=\"widget\" data-widget_type=\"heading.default\">\n\t\t\t\t<div class=\"elementor-widget-container\">\n\t\t\t<h2 class=\"elementor-heading-title elementor-size-default\">How can I register a product?<\/h2>\t\t<\/div>\n\t\t\t\t<\/div>\n\t\t\t\t\t<\/div>\n\t\t<\/div>\n\t\t\t\t\t<\/div>\n\t\t<\/section>\n\t\t\t\t<section class=\"elementor-section elementor-top-section elementor-element elementor-element-6655bc8 elementor-section-boxed elementor-section-height-default elementor-section-height-default\" data-id=\"6655bc8\" data-element_type=\"section\">\n\t\t\t\t\t\t<div class=\"elementor-container elementor-column-gap-default\">\n\t\t\t\t\t<div class=\"elementor-column elementor-col-100 elementor-top-column elementor-element elementor-element-d0869fd\" data-id=\"d0869fd\" data-element_type=\"column\">\n\t\t\t<div class=\"elementor-widget-wrap elementor-element-populated\">\n\t\t\t\t\t\t<div class=\"elementor-element elementor-element-720aaed elementor-widget elementor-widget-heading\" data-id=\"720aaed\" data-element_type=\"widget\" data-widget_type=\"heading.default\">\n\t\t\t\t<div class=\"elementor-widget-container\">\n\t\t\t<h3 class=\"elementor-heading-title elementor-size-default\">Companies from the following sectors are eligible to participate:\n<\/h3>\t\t<\/div>\n\t\t\t\t<\/div>\n\t\t\t\t<div class=\"elementor-element elementor-element-11beaba elementor-widget elementor-widget-text-editor\" data-id=\"11beaba\" data-element_type=\"widget\" data-widget_type=\"text-editor.default\">\n\t\t\t\t<div class=\"elementor-widget-container\">\n\t\t\t\t\t\t\t<ul><li><strong>BATHROOM &amp; WELLNESS<\/strong> (e.g. bathroom furnishings, bathroom and sanitary ceramics, bath\u00ad room fittings, home saunas and solariums, indoor whirlpools, wellness appliances, body care appliances, bathroom accessories, etc.)<\/li><li><strong>GARDEN &amp; OUTDOOR<\/strong> (e.g. garden furniture, garden tools and equipment, barbecues, outdoor kitchens, sun\/rain protection, irrigation systems, conservatories, outdoor pools, etc.)<\/li><li><strong>CONSTRUCTION &amp; INTERIOR DESIGN<\/strong> (e.g. windows, doors, heating and air\u00adconditioning systems, furnaces, air purification equipment, burglary protection, wall and floor coverings, smart technologies, etc.)<\/li><li><strong>FURNITURE &amp; DECOR<\/strong> (e.g. sleep systems, furniture, home office equipment, home textiles, home accessories, etc.)<\/li><li><strong>HOUSEHOLD &amp; CLEANING<\/strong> (e.g. washing machines &amp; dryers, ironing systems, tumble dryers,\n cleaning equipment, vacuum cleaners, waste systems, etc.)<\/li><li><strong>LIGHTING<\/strong> (e.g. lighting systems, decorative lighting, light sources, living room lighting, outdoor lighting, etc.)<\/li><li><strong>HOME ENTERTAINMENT<\/strong> (e.g. TV, audio equipment, sound systems, projectors, loudspeakers,\n headphones, etc.)<\/li><li><strong>LEISURE &amp; OUTDOOR LIVING <\/strong>(e.g. sports and fitness equipment for the home, to\u00adgo concepts, mobile homes, motorhome equipment, etc.)<\/li><\/ul><p>One or more products can be registered for each manufacturer of products from the listed categories.<\/p><p><strong>The complete conditions of entry to the competition, including detailed information with regards to registration, participation fees, etc., can be ordered here:<\/strong><\/p>\t\t\t\t\t\t<\/div>\n\t\t\t\t<\/div>\n\t\t\t\t\t<\/div>\n\t\t<\/div>\n\t\t\t\t\t<\/div>\n\t\t<\/section>\n\t\t\t\t<section class=\"elementor-section elementor-top-section elementor-element elementor-element-446605b elementor-section-boxed elementor-section-height-default elementor-section-height-default\" data-id=\"446605b\" data-element_type=\"section\">\n\t\t\t\t\t\t<div class=\"elementor-container elementor-column-gap-default\">\n\t\t\t\t\t<div class=\"elementor-column elementor-col-100 elementor-top-column elementor-element elementor-element-d2da756\" data-id=\"d2da756\" data-element_type=\"column\" data-settings=\"{&quot;background_background&quot;:&quot;classic&quot;}\">\n\t\t\t<div class=\"elementor-widget-wrap elementor-element-populated\">\n\t\t\t\t\t\t<div class=\"elementor-element elementor-element-937b640 elementor-widget elementor-widget-heading\" data-id=\"937b640\" data-element_type=\"widget\" data-widget_type=\"heading.default\">\n\t\t\t\t<div class=\"elementor-widget-container\">\n\t\t\t<h3 class=\"elementor-heading-title elementor-size-default\">Closing date for entries: 16 August 2024<\/h3>\t\t<\/div>\n\t\t\t\t<\/div>\n\t\t\t\t<div class=\"elementor-element elementor-element-d0d6f5b elementor-widget-divider--view-line elementor-widget elementor-widget-divider\" data-id=\"d0d6f5b\" data-element_type=\"widget\" data-widget_type=\"divider.default\">\n\t\t\t\t<div class=\"elementor-widget-container\">\n\t\t\t\t\t<div class=\"elementor-divider\">\n\t\t\t<span class=\"elementor-divider-separator\">\n\t\t\t\t\t\t<\/span>\n\t\t<\/div>\n\t\t\t\t<\/div>\n\t\t\t\t<\/div>\n\t\t\t\t<div class=\"elementor-element elementor-element-9ff4f00 elementor-widget elementor-widget-shortcode\" data-id=\"9ff4f00\" data-element_type=\"widget\" data-widget_type=\"shortcode.default\">\n\t\t\t\t<div class=\"elementor-widget-container\">\n\t\t\t\t\t<div class=\"elementor-shortcode\">\n<div class=\"wpcf7 no-js\" id=\"wpcf7-f3379-o1\" lang=\"en-US\" dir=\"ltr\">\n<div class=\"screen-reader-response\"><p role=\"status\" aria-live=\"polite\" aria-atomic=\"true\"><\/p> <ul><\/ul><\/div>\n<form action=\"\/en\/wp-json\/wp\/v2\/pages\/3375#wpcf7-f3379-o1\" method=\"post\" class=\"wpcf7-form init\" aria-label=\"Contact form\" novalidate=\"novalidate\" data-status=\"init\" data-trp-original-action=\"\/en\/wp-json\/wp\/v2\/pages\/3375#wpcf7-f3379-o1\">\n<div style=\"display: none;\">\n<input type=\"hidden\" name=\"_wpcf7\" value=\"3379\" \/>\n<input type=\"hidden\" name=\"_wpcf7_version\" value=\"5.9\" \/>\n<input type=\"hidden\" name=\"_wpcf7_locale\" value=\"en_US\" \/>\n<input type=\"hidden\" name=\"_wpcf7_unit_tag\" value=\"wpcf7-f3379-o1\" \/>\n<input type=\"hidden\" name=\"_wpcf7_container_post\" value=\"0\" \/>\n<input type=\"hidden\" name=\"_wpcf7_posted_data_hash\" value=\"\" \/>\n<input type=\"hidden\" name=\"_wpcf7_recaptcha_response\" value=\"\" \/>\n<\/div>\n<div class=\"teilnahme\">\n\t<div class=\"full-width-form\">\n\t\t<p><span class=\"wpcf7-form-control-wrap\" data-name=\"company\"><input size=\"40\" class=\"wpcf7-form-control wpcf7-text wpcf7-validates-as-required\" aria-required=\"true\" aria-invalid=\"false\" placeholder=\"Company:*\" value=\"\" type=\"text\" name=\"company\" \/><\/span>\n\t\t<\/p>\n\t<\/div>\n\t<div class=\"custom-form-width\">\n\t\t<p><span class=\"wpcf7-form-control-wrap\" data-name=\"streetnumber\"><input size=\"40\" class=\"wpcf7-form-control wpcf7-text form-control\" aria-invalid=\"false\" placeholder=\"Street\/number:\" value=\"\" type=\"text\" name=\"streetnumber\" \/><\/span>\n\t\t<\/p>\n\t\t<p><span class=\"wpcf7-form-control-wrap\" data-name=\"place\"><input size=\"40\" class=\"wpcf7-form-control wpcf7-text form-control\" aria-invalid=\"false\" placeholder=\"Place:\" value=\"\" type=\"text\" name=\"place\" \/><\/span>\n\t\t<\/p>\n\t\t<p><span class=\"wpcf7-form-control-wrap\" data-name=\"plz\"><input size=\"40\" class=\"wpcf7-form-control wpcf7-text form-control\" aria-invalid=\"false\" placeholder=\"Postcode:\" value=\"\" type=\"text\" name=\"plz\" \/><\/span>\n\t\t<\/p>\n\t\t<p><span class=\"wpcf7-form-control-wrap\" data-name=\"land\"><input size=\"40\" class=\"wpcf7-form-control wpcf7-text form-control\" aria-invalid=\"false\" placeholder=\"Country:\" value=\"\" type=\"text\" name=\"land\" \/><\/span>\n\t\t<\/p>\n\t\t<p><span class=\"wpcf7-form-control-wrap\" data-name=\"vorname\"><input size=\"40\" class=\"wpcf7-form-control wpcf7-text wpcf7-validates-as-required form-control\" aria-required=\"true\" aria-invalid=\"false\" placeholder=\"First name:*\" value=\"\" type=\"text\" name=\"vorname\" \/><\/span>\n\t\t<\/p>\n\t\t<p><span class=\"wpcf7-form-control-wrap\" data-name=\"nachname\"><input size=\"40\" class=\"wpcf7-form-control wpcf7-text wpcf7-validates-as-required form-control\" aria-required=\"true\" aria-invalid=\"false\" placeholder=\"Last Name:*\" value=\"\" type=\"text\" name=\"nachname\" \/><\/span>\n\t\t<\/p>\n\t\t<p><span class=\"wpcf7-form-control-wrap\" data-name=\"email\"><input size=\"40\" class=\"wpcf7-form-control wpcf7-email wpcf7-validates-as-required wpcf7-text wpcf7-validates-as-email form-control\" aria-required=\"true\" aria-invalid=\"false\" placeholder=\"Email:*\" value=\"\" type=\"email\" name=\"email\" \/><\/span>\n\t\t<\/p>\n\t\t<p><span class=\"wpcf7-form-control-wrap\" data-name=\"position\"><input size=\"40\" class=\"wpcf7-form-control wpcf7-text wpcf7-validates-as-required form-control\" aria-required=\"true\" aria-invalid=\"false\" placeholder=\"Position:*\" value=\"\" type=\"text\" name=\"position\" \/><\/span>\n\t\t<\/p>\n\t<\/div>\n\t<div class=\"full-width-form\">\n\t\t<p><span class=\"wpcf7-form-control-wrap\" data-name=\"yourmessage\"><textarea cols=\"40\" rows=\"10\" maxlength=\"240\" minlength=\"10\" class=\"wpcf7-form-control wpcf7-textarea\" aria-invalid=\"false\" placeholder=\"Message: Please send me the participation documents for the Lifestyle Innovation Award without obligation.\" name=\"yourmessage\"><\/textarea><\/span>\n\t\t<\/p>\n\t<\/div>\n\t<p><span class=\"wpcf7-form-control-wrap\" data-name=\"acceptance\"><span class=\"wpcf7-form-control wpcf7-acceptance\"><span class=\"wpcf7-list-item\"><label><input type=\"checkbox\" name=\"acceptance\" value=\"1\" aria-invalid=\"false\" \/><span class=\"wpcf7-list-item-label\"><span class=\"checkbox-text\">I have read the privacy policy and I agree that my data will be used to process the request. Note: You can revoke your consent at any time by sending an email to info@lifestyleinnovationaward.com.<\/span><\/span><\/label><\/span><\/span><\/span>\n\t<\/p>\n\t<p><input class=\"wpcf7-form-control wpcf7-submit has-spinner base-button\" type=\"submit\" value=\"Send an inquiry\" \/>\n\t<\/p>\n<\/div><div class=\"wpcf7-response-output\" aria-hidden=\"true\"><\/div>\n<input type=\"hidden\" name=\"trp-form-language\" value=\"en\"\/><\/form>\n<\/div>\n<\/div>\n\t\t\t\t<\/div>\n\t\t\t\t<\/div>\n\t\t\t\t\t<\/div>\n\t\t<\/div>\n\t\t\t\t\t<\/div>\n\t\t<\/section>\n\t\t\t\t<\/div>","protected":false},"excerpt":{"rendered":"<p>TEILNAHME &#038; ANMELDUNG Wie kann ich ein Produkt anmelden? Zur Teilnahme zugelassen sind Unternehmen folgender Branchen: Bad &amp; Wellness (z.B. Badm\u00f6bel, Bad- und Sanit\u00e4rkeramik, Badarmaturen, , Heimsaunen und -solarien, Indoor-Whirlpools, Wellnessger\u00e4te, K\u00f6rperpflegeger\u00e4te, Badaccessoires, etc.) Garten &amp; Outdoor (z.B. Gartenm\u00f6bel, Gartenger\u00e4te und -werkzeug, Grills, Outdoork\u00fcchen, Sonnen-\/Regenschutz, Bew\u00e4sserungssysteme, Winterg\u00e4rten, Outdoorpools etc.) Geb\u00e4ude- &amp; Raumausstattung (z.B. Fenster, T\u00fcren,&hellip;&nbsp;<a href=\"https:\/\/lifestyleinnovationaward.de\/en\/teilnahme\/\" class=\"\" rel=\"bookmark\">Read More &raquo;<span class=\"screen-reader-text\">Participation<\/span><\/a><\/p>","protected":false},"author":5,"featured_media":0,"parent":0,"menu_order":0,"comment_status":"closed","ping_status":"closed","template":"page-templates\/template-pagebuilder-full-width.php","meta":{"_monsterinsights_skip_tracking":false,"_monsterinsights_sitenote_active":false,"_monsterinsights_sitenote_note":"","_monsterinsights_sitenote_category":0,"neve_meta_sidebar":"full-width","neve_meta_container":"","neve_meta_enable_content_width":"on","neve_meta_content_width":100,"neve_meta_title_alignment":"","neve_meta_author_avatar":"","neve_post_elements_order":"","neve_meta_disable_header":"","neve_meta_disable_footer":"","neve_meta_disable_title":"","_ti_tpc_template_sync":false,"_ti_tpc_template_id":"","footnotes":""},"yoast_head":"<!-- This site is optimized with the Yoast SEO plugin v22.1 - https:\/\/yoast.com\/wordpress\/plugins\/seo\/ -->\n<title>Teilnahme und Bedingungen | Lifestyle Innovation Award<\/title>\n<meta name=\"description\" content=\"Teilnahme und Bedingungen am Lifestyle Innovation Award: Teilnahmeschluss, Produkte, Branchen uvm. \u00bb zu den Teilnahmebedingungen!\" \/>\n<meta name=\"robots\" content=\"index, follow, max-snippet:-1, max-image-preview:large, max-video-preview:-1\" \/>\n<link rel=\"canonical\" href=\"https:\/\/lifestyleinnovationaward.de\/en\/teilnahme\/\" \/>\n<meta property=\"og:locale\" content=\"en_GB\" \/>\n<meta property=\"og:type\" content=\"article\" \/>\n<meta property=\"og:title\" content=\"Teilnahme und Bedingungen | Lifestyle Innovation Award\" \/>\n<meta property=\"og:description\" content=\"Teilnahme und Bedingungen am Lifestyle Innovation Award: Teilnahmeschluss, Produkte, Branchen uvm. \u00bb zu den Teilnahmebedingungen!\" \/>\n<meta property=\"og:url\" content=\"https:\/\/lifestyleinnovationaward.de\/en\/teilnahme\/\" \/>\n<meta property=\"og:site_name\" content=\"Lifestyleinnovationaward\" \/>\n<meta property=\"article:modified_time\" content=\"2024-09-05T12:14:04+00:00\" \/>\n<meta property=\"og:image\" content=\"https:\/\/lifestyleinnovationaward.de\/wp-content\/uploads\/2021\/09\/teilnehmer-header-og.jpg\" \/>\n\t<meta property=\"og:image:width\" content=\"1200\" \/>\n\t<meta property=\"og:image:height\" content=\"630\" \/>\n\t<meta property=\"og:image:type\" content=\"image\/jpeg\" \/>\n<meta name=\"twitter:card\" content=\"summary_large_image\" \/>\n<meta name=\"twitter:title\" content=\"Teilnahme und Bedingungen | Lifestyle Innovation Award\" \/>\n<meta name=\"twitter:description\" content=\"Teilnahme und Bedingungen am Lifestyle Innovation Award: Teilnahmeschluss, Produkte, Branchen uvm. \u00bb zu den Teilnahmebedingungen!\" \/>\n<meta name=\"twitter:image\" content=\"https:\/\/lifestyleinnovationaward.de\/wp-content\/uploads\/2021\/09\/teilnehmer-header-tw.jpg\" \/>\n<meta name=\"twitter:label1\" content=\"Estimated reading time\" \/>\n\t<meta name=\"twitter:data1\" content=\"1 minute\" \/>\n<script type=\"application\/ld+json\" class=\"yoast-schema-graph\">{\"@context\":\"https:\/\/schema.org\",\"@graph\":[{\"@type\":\"WebPage\",\"@id\":\"https:\/\/lifestyleinnovationaward.de\/teilnahme\/\",\"url\":\"https:\/\/lifestyleinnovationaward.de\/teilnahme\/\",\"name\":\"Teilnahme und Bedingungen | Lifestyle Innovation Award\",\"isPartOf\":{\"@id\":\"https:\/\/lifestyleinnovationaward.de\/#website\"},\"datePublished\":\"2020-09-11T10:30:36+00:00\",\"dateModified\":\"2024-09-05T12:14:04+00:00\",\"description\":\"Teilnahme und Bedingungen am Lifestyle Innovation Award: Teilnahmeschluss, Produkte, Branchen uvm. \u00bb zu den Teilnahmebedingungen!\",\"breadcrumb\":{\"@id\":\"https:\/\/lifestyleinnovationaward.de\/teilnahme\/#breadcrumb\"},\"inLanguage\":\"en-GB\",\"potentialAction\":[{\"@type\":\"ReadAction\",\"target\":[\"https:\/\/lifestyleinnovationaward.de\/teilnahme\/\"]}]},{\"@type\":\"BreadcrumbList\",\"@id\":\"https:\/\/lifestyleinnovationaward.de\/teilnahme\/#breadcrumb\",\"itemListElement\":[{\"@type\":\"ListItem\",\"position\":1,\"name\":\"Home\",\"item\":\"https:\/\/lifestyleinnovationaward.de\/\"},{\"@type\":\"ListItem\",\"position\":2,\"name\":\"Teilnahme\"}]},{\"@type\":\"WebSite\",\"@id\":\"https:\/\/lifestyleinnovationaward.de\/#website\",\"url\":\"https:\/\/lifestyleinnovationaward.de\/\",\"name\":\"Lifestyleinnovationaward\",\"description\":\"Mit immer neuen Ideen und Innovationen soll das Leben der Verbraucher angenehmer, sch\u00f6ner, ges\u00fcnder und noch vieles mehr werden.\",\"publisher\":{\"@id\":\"https:\/\/lifestyleinnovationaward.de\/#organization\"},\"potentialAction\":[{\"@type\":\"SearchAction\",\"target\":{\"@type\":\"EntryPoint\",\"urlTemplate\":\"https:\/\/lifestyleinnovationaward.de\/?s={search_term_string}\"},\"query-input\":\"required name=search_term_string\"}],\"inLanguage\":\"en-GB\"},{\"@type\":\"Organization\",\"@id\":\"https:\/\/lifestyleinnovationaward.de\/#organization\",\"name\":\"Lifestyleinnovationaward\",\"url\":\"https:\/\/lifestyleinnovationaward.de\/\",\"logo\":{\"@type\":\"ImageObject\",\"inLanguage\":\"en-GB\",\"@id\":\"https:\/\/lifestyleinnovationaward.de\/#\/schema\/logo\/image\/\",\"url\":\"https:\/\/lifestyleinnovationaward.de\/wp-content\/uploads\/2021\/05\/cropped-Transparent_LIA-Logo2021-22_RGB__OliveGrey_CC_NoRT-2.png\",\"contentUrl\":\"https:\/\/lifestyleinnovationaward.de\/wp-content\/uploads\/2021\/05\/cropped-Transparent_LIA-Logo2021-22_RGB__OliveGrey_CC_NoRT-2.png\",\"width\":2446,\"height\":1255,\"caption\":\"Lifestyleinnovationaward\"},\"image\":{\"@id\":\"https:\/\/lifestyleinnovationaward.de\/#\/schema\/logo\/image\/\"}}]}<\/script>\n<!-- \/ Yoast SEO plugin. -->","yoast_head_json":{"title":"Teilnahme und Bedingungen | Lifestyle Innovation Award","description":"Teilnahme und Bedingungen am Lifestyle Innovation Award: Teilnahmeschluss, Produkte, Branchen uvm. \u00bb zu den Teilnahmebedingungen!","robots":{"index":"index","follow":"follow","max-snippet":"max-snippet:-1","max-image-preview":"max-image-preview:large","max-video-preview":"max-video-preview:-1"},"canonical":"https:\/\/lifestyleinnovationaward.de\/en\/teilnahme\/","og_locale":"en_GB","og_type":"article","og_title":"Teilnahme und Bedingungen | Lifestyle Innovation Award","og_description":"Teilnahme und Bedingungen am Lifestyle Innovation Award: Teilnahmeschluss, Produkte, Branchen uvm. \u00bb zu den Teilnahmebedingungen!","og_url":"https:\/\/lifestyleinnovationaward.de\/en\/teilnahme\/","og_site_name":"Lifestyleinnovationaward","article_modified_time":"2024-09-05T12:14:04+00:00","og_image":[{"width":1200,"height":630,"url":"https:\/\/lifestyleinnovationaward.de\/wp-content\/uploads\/2021\/09\/teilnehmer-header-og.jpg","type":"image\/jpeg"}],"twitter_card":"summary_large_image","twitter_title":"Teilnahme und Bedingungen | Lifestyle Innovation Award","twitter_description":"Teilnahme und Bedingungen am Lifestyle Innovation Award: Teilnahmeschluss, Produkte, Branchen uvm. \u00bb zu den Teilnahmebedingungen!","twitter_image":"https:\/\/lifestyleinnovationaward.de\/wp-content\/uploads\/2021\/09\/teilnehmer-header-tw.jpg","twitter_misc":{"Estimated reading time":"1 minute"},"schema":{"@context":"https:\/\/schema.org","@graph":[{"@type":"WebPage","@id":"https:\/\/lifestyleinnovationaward.de\/teilnahme\/","url":"https:\/\/lifestyleinnovationaward.de\/teilnahme\/","name":"Teilnahme und Bedingungen | Lifestyle Innovation Award","isPartOf":{"@id":"https:\/\/lifestyleinnovationaward.de\/#website"},"datePublished":"2020-09-11T10:30:36+00:00","dateModified":"2024-09-05T12:14:04+00:00","description":"Teilnahme und Bedingungen am Lifestyle Innovation Award: Teilnahmeschluss, Produkte, Branchen uvm. \u00bb zu den Teilnahmebedingungen!","breadcrumb":{"@id":"https:\/\/lifestyleinnovationaward.de\/teilnahme\/#breadcrumb"},"inLanguage":"en-GB","potentialAction":[{"@type":"ReadAction","target":["https:\/\/lifestyleinnovationaward.de\/teilnahme\/"]}]},{"@type":"BreadcrumbList","@id":"https:\/\/lifestyleinnovationaward.de\/teilnahme\/#breadcrumb","itemListElement":[{"@type":"ListItem","position":1,"name":"Home","item":"https:\/\/lifestyleinnovationaward.de\/"},{"@type":"ListItem","position":2,"name":"Teilnahme"}]},{"@type":"WebSite","@id":"https:\/\/lifestyleinnovationaward.de\/#website","url":"https:\/\/lifestyleinnovationaward.de\/","name":"Lifestyleinnovationaward","description":"Mit immer neuen Ideen und Innovationen soll das Leben der Verbraucher angenehmer, sch\u00f6ner, ges\u00fcnder und noch vieles mehr werden.","publisher":{"@id":"https:\/\/lifestyleinnovationaward.de\/#organization"},"potentialAction":[{"@type":"SearchAction","target":{"@type":"EntryPoint","urlTemplate":"https:\/\/lifestyleinnovationaward.de\/?s={search_term_string}"},"query-input":"required name=search_term_string"}],"inLanguage":"en-GB"},{"@type":"Organization","@id":"https:\/\/lifestyleinnovationaward.de\/#organization","name":"Lifestyleinnovationaward","url":"https:\/\/lifestyleinnovationaward.de\/","logo":{"@type":"ImageObject","inLanguage":"en-GB","@id":"https:\/\/lifestyleinnovationaward.de\/#\/schema\/logo\/image\/","url":"https:\/\/lifestyleinnovationaward.de\/wp-content\/uploads\/2021\/05\/cropped-Transparent_LIA-Logo2021-22_RGB__OliveGrey_CC_NoRT-2.png","contentUrl":"https:\/\/lifestyleinnovationaward.de\/wp-content\/uploads\/2021\/05\/cropped-Transparent_LIA-Logo2021-22_RGB__OliveGrey_CC_NoRT-2.png","width":2446,"height":1255,"caption":"Lifestyleinnovationaward"},"image":{"@id":"https:\/\/lifestyleinnovationaward.de\/#\/schema\/logo\/image\/"}}]}},"_links":{"self":[{"href":"https:\/\/lifestyleinnovationaward.de\/en\/wp-json\/wp\/v2\/pages\/3375"}],"collection":[{"href":"https:\/\/lifestyleinnovationaward.de\/en\/wp-json\/wp\/v2\/pages"}],"about":[{"href":"https:\/\/lifestyleinnovationaward.de\/en\/wp-json\/wp\/v2\/types\/page"}],"author":[{"embeddable":true,"href":"https:\/\/lifestyleinnovationaward.de\/en\/wp-json\/wp\/v2\/users\/5"}],"replies":[{"embeddable":true,"href":"https:\/\/lifestyleinnovationaward.de\/en\/wp-json\/wp\/v2\/comments?post=3375"}],"version-history":[{"count":82,"href":"https:\/\/lifestyleinnovationaward.de\/en\/wp-json\/wp\/v2\/pages\/3375\/revisions"}],"predecessor-version":[{"id":6467,"href":"https:\/\/lifestyleinnovationaward.de\/en\/wp-json\/wp\/v2\/pages\/3375\/revisions\/6467"}],"wp:attachment":[{"href":"https:\/\/lifestyleinnovationaward.de\/en\/wp-json\/wp\/v2\/media?parent=3375"}],"curies":[{"name":"wp","href":"https:\/\/api.w.org\/{rel}","templated":true}]}}