{"id":3292,"date":"2020-09-10T16:51:53","date_gmt":"2020-09-10T14:51:53","guid":{"rendered":"http:\/\/kitcheninnovationaward.solution25s1.timmeserver.de\/?page_id=3292"},"modified":"2024-09-05T14:11:13","modified_gmt":"2024-09-05T12:11:13","slug":"signet","status":"publish","type":"page","link":"https:\/\/lifestyleinnovationaward.de\/en\/award\/signet\/","title":{"rendered":"signet"},"content":{"rendered":"<div data-elementor-type=\"wp-page\" data-elementor-id=\"3292\" class=\"elementor elementor-3292\">\n\t\t\t\t\t\t<section class=\"elementor-section elementor-top-section elementor-element elementor-element-76e3ff9 elementor-section-full_width elementor-section-height-default elementor-section-height-default\" data-id=\"76e3ff9\" data-element_type=\"section\">\n\t\t\t\t\t\t<div class=\"elementor-container elementor-column-gap-default\">\n\t\t\t\t\t<div class=\"elementor-column elementor-col-100 elementor-top-column elementor-element elementor-element-663deb7\" data-id=\"663deb7\" data-element_type=\"column\" data-settings=\"{&quot;background_background&quot;:&quot;classic&quot;}\">\n\t\t\t<div class=\"elementor-widget-wrap elementor-element-populated\">\n\t\t\t\t\t\t<section class=\"elementor-section elementor-inner-section elementor-element elementor-element-35309b7 elementor-section-boxed elementor-section-height-default elementor-section-height-default\" data-id=\"35309b7\" data-element_type=\"section\" data-settings=\"{&quot;background_background&quot;:&quot;slideshow&quot;,&quot;background_slideshow_gallery&quot;:[{&quot;id&quot;:5847,&quot;url&quot;:&quot;https:\\\/\\\/lifestyleinnovationaward.de\\\/wp-content\\\/uploads\\\/2022\\\/04\\\/signet-banner-2022.jpg&quot;}],&quot;background_slideshow_loop&quot;:&quot;yes&quot;,&quot;background_slideshow_slide_duration&quot;:5000,&quot;background_slideshow_slide_transition&quot;:&quot;fade&quot;,&quot;background_slideshow_transition_duration&quot;:500}\">\n\t\t\t\t\t\t<div class=\"elementor-container elementor-column-gap-default\">\n\t\t\t\t\t<div class=\"elementor-column elementor-col-100 elementor-inner-column elementor-element elementor-element-c18126b\" data-id=\"c18126b\" data-element_type=\"column\">\n\t\t\t<div class=\"elementor-widget-wrap elementor-element-populated\">\n\t\t\t\t\t\t<div class=\"elementor-element elementor-element-ae86b33 elementor-widget elementor-widget-shortcode\" data-id=\"ae86b33\" data-element_type=\"widget\" data-widget_type=\"shortcode.default\">\n\t\t\t\t<div class=\"elementor-widget-container\">\n\t\t\t\t\t<div class=\"elementor-shortcode\"> \t\t\t<!-- Flexy Breadcrumb -->\r\n\t\t\t<div class=\"fbc fbc-page\">\r\n\r\n\t\t\t\t<!-- Breadcrumb wrapper -->\r\n\t\t\t\t<div class=\"fbc-wrap\">\r\n\r\n\t\t\t\t\t<!-- Ordered list-->\r\n\t\t\t\t\t<ol class=\"fbc-items\" itemscope itemtype=\"https:\/\/schema.org\/BreadcrumbList\">\r\n\t\t\t\t\t\t            <li itemprop=\"itemListElement\" itemscope itemtype=\"https:\/\/schema.org\/ListItem\">\r\n                <span itemprop=\"name\">\r\n                    <!-- Home Link -->\r\n                    <a itemprop=\"item\" href=\"https:\/\/lifestyleinnovationaward.de\/en\/\">\r\n                    \r\n                        Home                    <\/a>\r\n                <\/span>\r\n                <meta itemprop=\"position\" content=\"1\" \/><!-- Meta Position-->\r\n             <\/li><li><span class=\"fbc-separator\"><\/span><\/li><li class=\"active\" itemprop=\"itemListElement\" itemscope itemtype=\"https:\/\/schema.org\/ListItem\"><span itemprop=\"name\" title=\"signet\">signet<\/span><meta itemprop=\"position\" content=\"2\" \/><\/li>\t\t\t\t\t<\/ol>\r\n\t\t\t\t\t<div class=\"clearfix\"><\/div>\r\n\t\t\t\t<\/div>\r\n\t\t\t<\/div>\r\n\t\t\t \n<\/div>\n\t\t\t\t<\/div>\n\t\t\t\t<\/div>\n\t\t\t\t\t<\/div>\n\t\t<\/div>\n\t\t\t\t\t<\/div>\n\t\t<\/section>\n\t\t\t\t\t<\/div>\n\t\t<\/div>\n\t\t\t\t\t<\/div>\n\t\t<\/section>\n\t\t\t\t<section class=\"elementor-section elementor-top-section elementor-element elementor-element-27916bc elementor-section-boxed elementor-section-height-default elementor-section-height-default\" data-id=\"27916bc\" data-element_type=\"section\">\n\t\t\t\t\t\t<div class=\"elementor-container elementor-column-gap-default\">\n\t\t\t\t\t<div class=\"elementor-column elementor-col-50 elementor-top-column elementor-element elementor-element-2cf2f7f\" data-id=\"2cf2f7f\" data-element_type=\"column\">\n\t\t\t<div class=\"elementor-widget-wrap elementor-element-populated\">\n\t\t\t\t\t\t<div class=\"elementor-element elementor-element-9716532 elementor-widget elementor-widget-heading\" data-id=\"9716532\" data-element_type=\"widget\" data-widget_type=\"heading.default\">\n\t\t\t\t<div class=\"elementor-widget-container\">\n\t\t\t<div class=\"elementor-heading-title elementor-size-default\">SIGNET\n<\/div>\t\t<\/div>\n\t\t\t\t<\/div>\n\t\t\t\t<div class=\"elementor-element elementor-element-abb04c1 elementor-widget elementor-widget-heading\" data-id=\"abb04c1\" data-element_type=\"widget\" data-widget_type=\"heading.default\">\n\t\t\t\t<div class=\"elementor-widget-container\">\n\t\t\t<h1 class=\"elementor-heading-title elementor-size-default\">A coveted target: The seal of approval<\/h1>\t\t<\/div>\n\t\t\t\t<\/div>\n\t\t\t\t<div class=\"elementor-element elementor-element-5088975 elementor-widget elementor-widget-text-editor\" data-id=\"5088975\" data-element_type=\"widget\" data-widget_type=\"text-editor.default\">\n\t\t\t\t<div class=\"elementor-widget-container\">\n\t\t\t\t\t\t\t<p>It\u2019s well known that <strong>recommendations play a huge role in purchasing\ndecisions<\/strong>,\nespecially if they come from real experts or consumers. In order to ensure convincing communication about the winning product, the \u2018Lifestyle Innovation Award\u2019 winners receive a seal that provides information\nat a glance about the the outstanding performance of their product.<\/p><p>And for the most popular product a very special honour awaits: <br \/>the <strong>Golden Award \u2013 Best of the Best!<\/strong><\/p><p><strong>Special Award for Responsible Corporate Management<\/strong><br \/>How life pans out, both now and in the future, is determined<br \/>by how we think and act. In order to honour and highlight<br \/>those products that are already contributing significantly<br \/>to a future worth living, the Lifestyle Innovation Award jury<br \/>presents special annual awards for responsible corporate<br \/>management and particularly sustainable products.<br \/>Taking on responsibility through innovation.<\/p>\t\t\t\t\t\t<\/div>\n\t\t\t\t<\/div>\n\t\t\t\t\t<\/div>\n\t\t<\/div>\n\t\t\t\t<div class=\"elementor-column elementor-col-50 elementor-top-column elementor-element elementor-element-ff5407e\" data-id=\"ff5407e\" data-element_type=\"column\">\n\t\t\t<div class=\"elementor-widget-wrap elementor-element-populated\">\n\t\t\t\t\t\t<div class=\"elementor-element elementor-element-b230412 elementor-widget elementor-widget-image\" data-id=\"b230412\" data-element_type=\"widget\" data-widget_type=\"image.default\">\n\t\t\t\t<div class=\"elementor-widget-container\">\n\t\t\t\t\t\t\t\t\t\t\t\t\t<img fetchpriority=\"high\" decoding=\"async\" width=\"768\" height=\"634\" src=\"https:\/\/lifestyleinnovationaward.de\/wp-content\/uploads\/2023\/03\/Signets-Gruppe1-768x634.png\" class=\"attachment-medium_large size-medium_large wp-image-6278\" alt=\"\" srcset=\"https:\/\/lifestyleinnovationaward.de\/wp-content\/uploads\/2023\/03\/Signets-Gruppe1-768x634.png 768w, https:\/\/lifestyleinnovationaward.de\/wp-content\/uploads\/2023\/03\/Signets-Gruppe1-300x248.png 300w, https:\/\/lifestyleinnovationaward.de\/wp-content\/uploads\/2023\/03\/Signets-Gruppe1-1024x845.png 1024w, https:\/\/lifestyleinnovationaward.de\/wp-content\/uploads\/2023\/03\/Signets-Gruppe1-1536x1268.png 1536w, https:\/\/lifestyleinnovationaward.de\/wp-content\/uploads\/2023\/03\/Signets-Gruppe1-15x12.png 15w, https:\/\/lifestyleinnovationaward.de\/wp-content\/uploads\/2023\/03\/Signets-Gruppe1.png 1720w\" sizes=\"(max-width: 768px) 100vw, 768px\" \/>\t\t\t\t\t\t\t\t\t\t\t\t\t<\/div>\n\t\t\t\t<\/div>\n\t\t\t\t\t<\/div>\n\t\t<\/div>\n\t\t\t\t\t<\/div>\n\t\t<\/section>\n\t\t\t\t<\/div>","protected":false},"excerpt":{"rendered":"<p>SIGNET Ein begehrtes Ziel: Das Signet Wir alle wissen: Empfehlungen spielen in der Kaufentscheidung eine wichtige Rolle. Und wenn sie vom\u200b Experten bzw. Konsumenten selbst kommen, umso mehr. F\u00fcr eine \u00fcberzeugende Kommunikation rund um das Gewinnerprodukt erhalten die Preistr\u00e4ger im Rahmen des Lifestyle Innovation Award\u200b ein Signet, das auf einen Blick \u00fcber die herausragende Produktleistung&hellip;&nbsp;<a href=\"https:\/\/lifestyleinnovationaward.de\/en\/award\/signet\/\" class=\"\" rel=\"bookmark\">Read More &raquo;<span class=\"screen-reader-text\">signet<\/span><\/a><\/p>","protected":false},"author":5,"featured_media":0,"parent":3278,"menu_order":0,"comment_status":"closed","ping_status":"closed","template":"page-templates\/template-pagebuilder-full-width.php","meta":{"_monsterinsights_skip_tracking":false,"_monsterinsights_sitenote_active":false,"_monsterinsights_sitenote_note":"","_monsterinsights_sitenote_category":0,"neve_meta_sidebar":"full-width","neve_meta_container":"","neve_meta_enable_content_width":"on","neve_meta_content_width":100,"neve_meta_title_alignment":"","neve_meta_author_avatar":"","neve_post_elements_order":"","neve_meta_disable_header":"","neve_meta_disable_footer":"","neve_meta_disable_title":"","_ti_tpc_template_sync":false,"_ti_tpc_template_id":"","footnotes":""},"yoast_head":"<!-- This site is optimized with the Yoast SEO plugin v22.1 - https:\/\/yoast.com\/wordpress\/plugins\/seo\/ -->\n<title>Das Signet | Lifestyle Innovation Award<\/title>\n<meta name=\"description\" content=\"Das Signet zeichnet eine herausragende Produktleistung aus. Eine weitere zus\u00e4tzliche Sonderauszeichnung: &quot;Best Product&quot; \u00bb mehr erfahren!\" \/>\n<meta name=\"robots\" content=\"index, follow, max-snippet:-1, max-image-preview:large, max-video-preview:-1\" \/>\n<link rel=\"canonical\" href=\"https:\/\/lifestyleinnovationaward.de\/en\/award\/signet\/\" \/>\n<meta property=\"og:locale\" content=\"en_GB\" \/>\n<meta property=\"og:type\" content=\"article\" \/>\n<meta property=\"og:title\" content=\"Das Signet | Lifestyle Innovation Award\" \/>\n<meta property=\"og:description\" content=\"Das Signet zeichnet eine herausragende Produktleistung aus. Eine weitere zus\u00e4tzliche Sonderauszeichnung: &quot;Best Product&quot; \u00bb mehr erfahren!\" \/>\n<meta property=\"og:url\" content=\"https:\/\/lifestyleinnovationaward.de\/en\/award\/signet\/\" \/>\n<meta property=\"og:site_name\" content=\"Lifestyleinnovationaward\" \/>\n<meta property=\"article:modified_time\" content=\"2024-09-05T12:11:13+00:00\" \/>\n<meta property=\"og:image\" content=\"https:\/\/lifestyleinnovationaward.de\/wp-content\/uploads\/2021\/09\/signet-header-og.jpg\" \/>\n\t<meta property=\"og:image:width\" content=\"1200\" \/>\n\t<meta property=\"og:image:height\" content=\"630\" \/>\n\t<meta property=\"og:image:type\" content=\"image\/jpeg\" \/>\n<meta name=\"twitter:card\" content=\"summary_large_image\" \/>\n<meta name=\"twitter:title\" content=\"Das Signet | Lifestyle Innovation Award\" \/>\n<meta name=\"twitter:description\" content=\"Das Signet zeichnet eine herausragende Produktleistung aus. Eine weitere zus\u00e4tzliche Sonderauszeichnung: &quot;Best Product&quot; \u00bb mehr erfahren!\" \/>\n<meta name=\"twitter:image\" content=\"https:\/\/lifestyleinnovationaward.de\/wp-content\/uploads\/2021\/09\/signet-header-tw.jpg\" \/>\n<meta name=\"twitter:label1\" content=\"Estimated reading time\" \/>\n\t<meta name=\"twitter:data1\" content=\"1 minute\" \/>\n<script type=\"application\/ld+json\" class=\"yoast-schema-graph\">{\"@context\":\"https:\/\/schema.org\",\"@graph\":[{\"@type\":\"WebPage\",\"@id\":\"https:\/\/lifestyleinnovationaward.de\/award\/signet\/\",\"url\":\"https:\/\/lifestyleinnovationaward.de\/award\/signet\/\",\"name\":\"Das Signet | Lifestyle Innovation Award\",\"isPartOf\":{\"@id\":\"https:\/\/lifestyleinnovationaward.de\/#website\"},\"datePublished\":\"2020-09-10T14:51:53+00:00\",\"dateModified\":\"2024-09-05T12:11:13+00:00\",\"description\":\"Das Signet zeichnet eine herausragende Produktleistung aus. Eine weitere zus\u00e4tzliche Sonderauszeichnung: \\\"Best Product\\\" \u00bb mehr erfahren!\",\"breadcrumb\":{\"@id\":\"https:\/\/lifestyleinnovationaward.de\/award\/signet\/#breadcrumb\"},\"inLanguage\":\"en-GB\",\"potentialAction\":[{\"@type\":\"ReadAction\",\"target\":[\"https:\/\/lifestyleinnovationaward.de\/award\/signet\/\"]}]},{\"@type\":\"BreadcrumbList\",\"@id\":\"https:\/\/lifestyleinnovationaward.de\/award\/signet\/#breadcrumb\",\"itemListElement\":[{\"@type\":\"ListItem\",\"position\":1,\"name\":\"Home\",\"item\":\"https:\/\/lifestyleinnovationaward.de\/\"},{\"@type\":\"ListItem\",\"position\":2,\"name\":\"Award\",\"item\":\"https:\/\/lifestyleinnovationaward.de\/award\/\"},{\"@type\":\"ListItem\",\"position\":3,\"name\":\"Signet\"}]},{\"@type\":\"WebSite\",\"@id\":\"https:\/\/lifestyleinnovationaward.de\/#website\",\"url\":\"https:\/\/lifestyleinnovationaward.de\/\",\"name\":\"Lifestyleinnovationaward\",\"description\":\"Mit immer neuen Ideen und Innovationen soll das Leben der Verbraucher angenehmer, sch\u00f6ner, ges\u00fcnder und noch vieles mehr werden.\",\"publisher\":{\"@id\":\"https:\/\/lifestyleinnovationaward.de\/#organization\"},\"potentialAction\":[{\"@type\":\"SearchAction\",\"target\":{\"@type\":\"EntryPoint\",\"urlTemplate\":\"https:\/\/lifestyleinnovationaward.de\/?s={search_term_string}\"},\"query-input\":\"required name=search_term_string\"}],\"inLanguage\":\"en-GB\"},{\"@type\":\"Organization\",\"@id\":\"https:\/\/lifestyleinnovationaward.de\/#organization\",\"name\":\"Lifestyleinnovationaward\",\"url\":\"https:\/\/lifestyleinnovationaward.de\/\",\"logo\":{\"@type\":\"ImageObject\",\"inLanguage\":\"en-GB\",\"@id\":\"https:\/\/lifestyleinnovationaward.de\/#\/schema\/logo\/image\/\",\"url\":\"https:\/\/lifestyleinnovationaward.de\/wp-content\/uploads\/2021\/05\/cropped-Transparent_LIA-Logo2021-22_RGB__OliveGrey_CC_NoRT-2.png\",\"contentUrl\":\"https:\/\/lifestyleinnovationaward.de\/wp-content\/uploads\/2021\/05\/cropped-Transparent_LIA-Logo2021-22_RGB__OliveGrey_CC_NoRT-2.png\",\"width\":2446,\"height\":1255,\"caption\":\"Lifestyleinnovationaward\"},\"image\":{\"@id\":\"https:\/\/lifestyleinnovationaward.de\/#\/schema\/logo\/image\/\"}}]}<\/script>\n<!-- \/ Yoast SEO plugin. -->","yoast_head_json":{"title":"Das Signet | Lifestyle Innovation Award","description":"Das Signet zeichnet eine herausragende Produktleistung aus. Eine weitere zus\u00e4tzliche Sonderauszeichnung: \"Best Product\" \u00bb mehr erfahren!","robots":{"index":"index","follow":"follow","max-snippet":"max-snippet:-1","max-image-preview":"max-image-preview:large","max-video-preview":"max-video-preview:-1"},"canonical":"https:\/\/lifestyleinnovationaward.de\/en\/award\/signet\/","og_locale":"en_GB","og_type":"article","og_title":"Das Signet | Lifestyle Innovation Award","og_description":"Das Signet zeichnet eine herausragende Produktleistung aus. Eine weitere zus\u00e4tzliche Sonderauszeichnung: \"Best Product\" \u00bb mehr erfahren!","og_url":"https:\/\/lifestyleinnovationaward.de\/en\/award\/signet\/","og_site_name":"Lifestyleinnovationaward","article_modified_time":"2024-09-05T12:11:13+00:00","og_image":[{"width":1200,"height":630,"url":"https:\/\/lifestyleinnovationaward.de\/wp-content\/uploads\/2021\/09\/signet-header-og.jpg","type":"image\/jpeg"}],"twitter_card":"summary_large_image","twitter_title":"Das Signet | Lifestyle Innovation Award","twitter_description":"Das Signet zeichnet eine herausragende Produktleistung aus. Eine weitere zus\u00e4tzliche Sonderauszeichnung: \"Best Product\" \u00bb mehr erfahren!","twitter_image":"https:\/\/lifestyleinnovationaward.de\/wp-content\/uploads\/2021\/09\/signet-header-tw.jpg","twitter_misc":{"Estimated reading time":"1 minute"},"schema":{"@context":"https:\/\/schema.org","@graph":[{"@type":"WebPage","@id":"https:\/\/lifestyleinnovationaward.de\/award\/signet\/","url":"https:\/\/lifestyleinnovationaward.de\/award\/signet\/","name":"Das Signet | Lifestyle Innovation Award","isPartOf":{"@id":"https:\/\/lifestyleinnovationaward.de\/#website"},"datePublished":"2020-09-10T14:51:53+00:00","dateModified":"2024-09-05T12:11:13+00:00","description":"Das Signet zeichnet eine herausragende Produktleistung aus. Eine weitere zus\u00e4tzliche Sonderauszeichnung: \"Best Product\" \u00bb mehr erfahren!","breadcrumb":{"@id":"https:\/\/lifestyleinnovationaward.de\/award\/signet\/#breadcrumb"},"inLanguage":"en-GB","potentialAction":[{"@type":"ReadAction","target":["https:\/\/lifestyleinnovationaward.de\/award\/signet\/"]}]},{"@type":"BreadcrumbList","@id":"https:\/\/lifestyleinnovationaward.de\/award\/signet\/#breadcrumb","itemListElement":[{"@type":"ListItem","position":1,"name":"Home","item":"https:\/\/lifestyleinnovationaward.de\/"},{"@type":"ListItem","position":2,"name":"Award","item":"https:\/\/lifestyleinnovationaward.de\/award\/"},{"@type":"ListItem","position":3,"name":"Signet"}]},{"@type":"WebSite","@id":"https:\/\/lifestyleinnovationaward.de\/#website","url":"https:\/\/lifestyleinnovationaward.de\/","name":"Lifestyleinnovationaward","description":"Mit immer neuen Ideen und Innovationen soll das Leben der Verbraucher angenehmer, sch\u00f6ner, ges\u00fcnder und noch vieles mehr werden.","publisher":{"@id":"https:\/\/lifestyleinnovationaward.de\/#organization"},"potentialAction":[{"@type":"SearchAction","target":{"@type":"EntryPoint","urlTemplate":"https:\/\/lifestyleinnovationaward.de\/?s={search_term_string}"},"query-input":"required name=search_term_string"}],"inLanguage":"en-GB"},{"@type":"Organization","@id":"https:\/\/lifestyleinnovationaward.de\/#organization","name":"Lifestyleinnovationaward","url":"https:\/\/lifestyleinnovationaward.de\/","logo":{"@type":"ImageObject","inLanguage":"en-GB","@id":"https:\/\/lifestyleinnovationaward.de\/#\/schema\/logo\/image\/","url":"https:\/\/lifestyleinnovationaward.de\/wp-content\/uploads\/2021\/05\/cropped-Transparent_LIA-Logo2021-22_RGB__OliveGrey_CC_NoRT-2.png","contentUrl":"https:\/\/lifestyleinnovationaward.de\/wp-content\/uploads\/2021\/05\/cropped-Transparent_LIA-Logo2021-22_RGB__OliveGrey_CC_NoRT-2.png","width":2446,"height":1255,"caption":"Lifestyleinnovationaward"},"image":{"@id":"https:\/\/lifestyleinnovationaward.de\/#\/schema\/logo\/image\/"}}]}},"_links":{"self":[{"href":"https:\/\/lifestyleinnovationaward.de\/en\/wp-json\/wp\/v2\/pages\/3292"}],"collection":[{"href":"https:\/\/lifestyleinnovationaward.de\/en\/wp-json\/wp\/v2\/pages"}],"about":[{"href":"https:\/\/lifestyleinnovationaward.de\/en\/wp-json\/wp\/v2\/types\/page"}],"author":[{"embeddable":true,"href":"https:\/\/lifestyleinnovationaward.de\/en\/wp-json\/wp\/v2\/users\/5"}],"replies":[{"embeddable":true,"href":"https:\/\/lifestyleinnovationaward.de\/en\/wp-json\/wp\/v2\/comments?post=3292"}],"version-history":[{"count":57,"href":"https:\/\/lifestyleinnovationaward.de\/en\/wp-json\/wp\/v2\/pages\/3292\/revisions"}],"predecessor-version":[{"id":6464,"href":"https:\/\/lifestyleinnovationaward.de\/en\/wp-json\/wp\/v2\/pages\/3292\/revisions\/6464"}],"up":[{"embeddable":true,"href":"https:\/\/lifestyleinnovationaward.de\/en\/wp-json\/wp\/v2\/pages\/3278"}],"wp:attachment":[{"href":"https:\/\/lifestyleinnovationaward.de\/en\/wp-json\/wp\/v2\/media?parent=3292"}],"curies":[{"name":"wp","href":"https:\/\/api.w.org\/{rel}","templated":true}]}}