{"id":3283,"date":"2020-09-10T16:02:43","date_gmt":"2020-09-10T14:02:43","guid":{"rendered":"http:\/\/kitcheninnovationaward.solution25s1.timmeserver.de\/?page_id=3283"},"modified":"2023-03-10T12:10:06","modified_gmt":"2023-03-10T11:10:06","slug":"kategorien","status":"publish","type":"page","link":"https:\/\/lifestyleinnovationaward.de\/en\/award\/kategorien\/","title":{"rendered":"Categories"},"content":{"rendered":"<div data-elementor-type=\"wp-page\" data-elementor-id=\"3283\" class=\"elementor elementor-3283\">\n\t\t\t\t\t\t<section class=\"elementor-section elementor-top-section elementor-element elementor-element-76e3ff9 elementor-section-full_width elementor-section-height-default elementor-section-height-default\" data-id=\"76e3ff9\" data-element_type=\"section\">\n\t\t\t\t\t\t<div class=\"elementor-container elementor-column-gap-default\">\n\t\t\t\t\t<div class=\"elementor-column elementor-col-100 elementor-top-column elementor-element elementor-element-663deb7\" data-id=\"663deb7\" data-element_type=\"column\" data-settings=\"{&quot;background_background&quot;:&quot;classic&quot;}\">\n\t\t\t<div class=\"elementor-widget-wrap elementor-element-populated\">\n\t\t\t\t\t\t<section class=\"elementor-section elementor-inner-section elementor-element elementor-element-35309b7 elementor-section-boxed elementor-section-height-default elementor-section-height-default\" data-id=\"35309b7\" data-element_type=\"section\" data-settings=\"{&quot;background_background&quot;:&quot;slideshow&quot;,&quot;background_slideshow_gallery&quot;:[{&quot;id&quot;:5747,&quot;url&quot;:&quot;https:\\\/\\\/lifestyleinnovationaward.de\\\/wp-content\\\/uploads\\\/2022\\\/04\\\/Kategorien-header-2022-1.jpg&quot;}],&quot;background_slideshow_loop&quot;:&quot;yes&quot;,&quot;background_slideshow_slide_duration&quot;:5000,&quot;background_slideshow_slide_transition&quot;:&quot;fade&quot;,&quot;background_slideshow_transition_duration&quot;:500}\">\n\t\t\t\t\t\t<div class=\"elementor-container elementor-column-gap-default\">\n\t\t\t\t\t<div class=\"elementor-column elementor-col-100 elementor-inner-column elementor-element elementor-element-c18126b\" data-id=\"c18126b\" data-element_type=\"column\">\n\t\t\t<div class=\"elementor-widget-wrap elementor-element-populated\">\n\t\t\t\t\t\t<div class=\"elementor-element elementor-element-120af1a elementor-widget elementor-widget-shortcode\" data-id=\"120af1a\" data-element_type=\"widget\" data-widget_type=\"shortcode.default\">\n\t\t\t\t<div class=\"elementor-widget-container\">\n\t\t\t\t\t<div class=\"elementor-shortcode\"> \t\t\t<!-- Flexy Breadcrumb -->\r\n\t\t\t<div class=\"fbc fbc-page\">\r\n\r\n\t\t\t\t<!-- Breadcrumb wrapper -->\r\n\t\t\t\t<div class=\"fbc-wrap\">\r\n\r\n\t\t\t\t\t<!-- Ordered list-->\r\n\t\t\t\t\t<ol class=\"fbc-items\" itemscope itemtype=\"https:\/\/schema.org\/BreadcrumbList\">\r\n\t\t\t\t\t\t            <li itemprop=\"itemListElement\" itemscope itemtype=\"https:\/\/schema.org\/ListItem\">\r\n                <span itemprop=\"name\">\r\n                    <!-- Home Link -->\r\n                    <a itemprop=\"item\" href=\"https:\/\/lifestyleinnovationaward.de\/en\/\">\r\n                    \r\n                        Home                    <\/a>\r\n                <\/span>\r\n                <meta itemprop=\"position\" content=\"1\" \/><!-- Meta Position-->\r\n             <\/li><li><span class=\"fbc-separator\"><\/span><\/li><li class=\"active\" itemprop=\"itemListElement\" itemscope itemtype=\"https:\/\/schema.org\/ListItem\"><span itemprop=\"name\" title=\"Categories\">Categories<\/span><meta itemprop=\"position\" content=\"2\" \/><\/li>\t\t\t\t\t<\/ol>\r\n\t\t\t\t\t<div class=\"clearfix\"><\/div>\r\n\t\t\t\t<\/div>\r\n\t\t\t<\/div>\r\n\t\t\t \n<\/div>\n\t\t\t\t<\/div>\n\t\t\t\t<\/div>\n\t\t\t\t\t<\/div>\n\t\t<\/div>\n\t\t\t\t\t<\/div>\n\t\t<\/section>\n\t\t\t\t\t<\/div>\n\t\t<\/div>\n\t\t\t\t\t<\/div>\n\t\t<\/section>\n\t\t\t\t<section class=\"elementor-section elementor-top-section elementor-element elementor-element-b2753ca elementor-section-boxed elementor-section-height-default elementor-section-height-default\" data-id=\"b2753ca\" data-element_type=\"section\">\n\t\t\t\t\t\t<div class=\"elementor-container elementor-column-gap-default\">\n\t\t\t\t\t<div class=\"elementor-column elementor-col-100 elementor-top-column elementor-element elementor-element-29a74df\" data-id=\"29a74df\" data-element_type=\"column\">\n\t\t\t<div class=\"elementor-widget-wrap elementor-element-populated\">\n\t\t\t\t\t\t<div class=\"elementor-element elementor-element-9716532 elementor-widget elementor-widget-heading\" data-id=\"9716532\" data-element_type=\"widget\" data-widget_type=\"heading.default\">\n\t\t\t\t<div class=\"elementor-widget-container\">\n\t\t\t<h1 class=\"elementor-heading-title elementor-size-default\">Categories<\/h1>\t\t<\/div>\n\t\t\t\t<\/div>\n\t\t\t\t<div class=\"elementor-element elementor-element-abb04c1 elementor-widget elementor-widget-heading\" data-id=\"abb04c1\" data-element_type=\"widget\" data-widget_type=\"heading.default\">\n\t\t\t\t<div class=\"elementor-widget-container\">\n\t\t\t<h2 class=\"elementor-heading-title elementor-size-default\">Evaluation<\/h2>\t\t<\/div>\n\t\t\t\t<\/div>\n\t\t\t\t\t<\/div>\n\t\t<\/div>\n\t\t\t\t\t<\/div>\n\t\t<\/section>\n\t\t\t\t<section class=\"elementor-section elementor-top-section elementor-element elementor-element-6fadd6d elementor-section-boxed elementor-section-height-default elementor-section-height-default\" data-id=\"6fadd6d\" data-element_type=\"section\">\n\t\t\t\t\t\t<div class=\"elementor-container elementor-column-gap-default\">\n\t\t\t\t\t<div class=\"elementor-column elementor-col-50 elementor-top-column elementor-element elementor-element-d0f9c3d\" data-id=\"d0f9c3d\" data-element_type=\"column\" data-settings=\"{&quot;background_background&quot;:&quot;classic&quot;}\">\n\t\t\t<div class=\"elementor-widget-wrap elementor-element-populated\">\n\t\t\t\t\t\t<div class=\"elementor-element elementor-element-0d5090a elementor-widget elementor-widget-heading\" data-id=\"0d5090a\" data-element_type=\"widget\" data-widget_type=\"heading.default\">\n\t\t\t\t<div class=\"elementor-widget-container\">\n\t\t\t<h3 class=\"elementor-heading-title elementor-size-default\">Categories<\/h3>\t\t<\/div>\n\t\t\t\t<\/div>\n\t\t\t\t<div class=\"elementor-element elementor-element-28ffe5a elementor-widget elementor-widget-text-editor\" data-id=\"28ffe5a\" data-element_type=\"widget\" data-widget_type=\"text-editor.default\">\n\t\t\t\t<div class=\"elementor-widget-container\">\n\t\t\t\t\t\t\t<p>Manufacturers of products in the following categories can apply for the Lifestyle Innovation Award:<\/p><ul><li><strong>BATHROOM &amp; WELLNESS<\/strong> (e.g. bathroom furnishings, bathroom and sanitary ceramics, bath\u00ad room fittings, home saunas and solariums, indoor whirlpools, wellness appliances, body care appliances, bathroom accessories, etc.)<\/li><li><strong>GARDEN &amp; OUTDOOR<\/strong> (e.g. garden furniture, garden tools and equipment, barbecues, outdoor kitchens, sun\/rain protection, irrigation systems, conservatories, outdoor pools, etc.)<\/li><li><strong>CONSTRUCTION &amp; INTERIOR DESIGN<\/strong> (e.g. windows, doors, heating and air\u00adconditioning systems, furnaces, air purification equipment, burglary protection, wall and floor coverings, smart technologies, etc.)<\/li><li><strong>FURNITURE &amp; DECOR<\/strong> (e.g. sleep systems, furniture, home office equipment, home textiles, home accessories, etc.)<\/li><li><strong>HOUSEHOLD &amp; CLEANING<\/strong> (e.g. washing machines &amp; dryers, ironing systems, tumble dryers,\n cleaning equipment, vacuum cleaners, waste systems, etc.)<\/li><li><strong>LIGHTING<\/strong> (e.g. lighting systems, decorative lighting, light sources, living room lighting, outdoor lighting, etc.)<\/li><li><strong>HOME ENTERTAINMENT<\/strong> (e.g. TV, audio equipment, sound systems, projectors, loudspeakers,\n headphones, etc.)<\/li><li><strong>LEISURE &amp; OUTDOOR LIVING<\/strong>(e.g. sports and fitness equipment for the home, to\u00adgo concepts, mobile homes, motorhome equipment, etc.)<\/li><\/ul>\t\t\t\t\t\t<\/div>\n\t\t\t\t<\/div>\n\t\t\t\t\t<\/div>\n\t\t<\/div>\n\t\t\t\t<div class=\"elementor-column elementor-col-50 elementor-top-column elementor-element elementor-element-9f20444\" data-id=\"9f20444\" data-element_type=\"column\" data-settings=\"{&quot;background_background&quot;:&quot;classic&quot;}\">\n\t\t\t<div class=\"elementor-widget-wrap elementor-element-populated\">\n\t\t\t\t\t\t<div class=\"elementor-element elementor-element-a2340de elementor-widget elementor-widget-heading\" data-id=\"a2340de\" data-element_type=\"widget\" data-widget_type=\"heading.default\">\n\t\t\t\t<div class=\"elementor-widget-container\">\n\t\t\t<h3 class=\"elementor-heading-title elementor-size-default\">Evaluation criteria<\/h3>\t\t<\/div>\n\t\t\t\t<\/div>\n\t\t\t\t<div class=\"elementor-element elementor-element-9438ee2 elementor-widget elementor-widget-text-editor\" data-id=\"9438ee2\" data-element_type=\"widget\" data-widget_type=\"text-editor.default\">\n\t\t\t\t<div class=\"elementor-widget-container\">\n\t\t\t\t\t\t\t<p>The following criteria are used as a basis for comprehensive\nand independent assessment:<\/p><ul><li>Degree of innovation<\/li><li>Design<\/li><li>Functionality<\/li><li>User-convenience<\/li><li>Product benefits<\/li><li>Material quality<\/li><li>Ergonomics<\/li><li>Sustainability\/ecology<\/li><\/ul>\t\t\t\t\t\t<\/div>\n\t\t\t\t<\/div>\n\t\t\t\t\t<\/div>\n\t\t<\/div>\n\t\t\t\t\t<\/div>\n\t\t<\/section>\n\t\t\t\t<section class=\"elementor-section elementor-top-section elementor-element elementor-element-24368e8 elementor-section-boxed elementor-section-height-default elementor-section-height-default\" data-id=\"24368e8\" data-element_type=\"section\">\n\t\t\t\t\t\t<div class=\"elementor-container elementor-column-gap-default\">\n\t\t\t\t\t<div class=\"elementor-column elementor-col-100 elementor-top-column elementor-element elementor-element-991762d\" data-id=\"991762d\" data-element_type=\"column\">\n\t\t\t<div class=\"elementor-widget-wrap elementor-element-populated\">\n\t\t\t\t\t\t<div class=\"elementor-element elementor-element-5e978f7 elementor-widget elementor-widget-button\" data-id=\"5e978f7\" data-element_type=\"widget\" data-widget_type=\"button.default\">\n\t\t\t\t<div class=\"elementor-widget-container\">\n\t\t\t\t\t<div class=\"elementor-button-wrapper\">\n\t\t\t<a class=\"elementor-button elementor-button-link elementor-size-sm\" href=\"https:\/\/lifestyleinnovationaward.de\/en\/award\/jury\/\">\n\t\t\t\t\t\t<span class=\"elementor-button-content-wrapper\">\n\t\t\t\t\t\t<span class=\"elementor-button-text\">LEARN MORE: JURY<\/span>\n\t\t<\/span>\n\t\t\t\t\t<\/a>\n\t\t<\/div>\n\t\t\t\t<\/div>\n\t\t\t\t<\/div>\n\t\t\t\t\t<\/div>\n\t\t<\/div>\n\t\t\t\t\t<\/div>\n\t\t<\/section>\n\t\t\t\t<\/div>","protected":false},"excerpt":{"rendered":"<p>KATEGORIEN\/ KRITERIEN Bewertung Kategorien Alle Hersteller von Produkten folgen\u00adder Kategorien k\u00f6nnen sich f\u00fcr den Lifestyle Innovation Award bewerben: Bad &amp; Wellness (z.B. Badm\u00f6bel, Bad- und Sanit\u00e4rkeramik, Badarmaturen, , Heimsaunen und -solarien, Indoor-Whirlpools, Wellnessger\u00e4te, K\u00f6rperpflegeger\u00e4te, Badaccessoires, etc.) Garten &amp; Outdoor (z.B. Gartenm\u00f6bel, Gartenger\u00e4te und -werkzeug, Grills, Outdoork\u00fcchen, Sonnen-\/Regenschutz, Bew\u00e4sserungssysteme, Winterg\u00e4rten, Outdoorpools etc.) Geb\u00e4ude- &amp; Raumausstattung (z.B.&hellip;&nbsp;<a href=\"https:\/\/lifestyleinnovationaward.de\/en\/award\/kategorien\/\" class=\"\" rel=\"bookmark\">Read More &raquo;<span class=\"screen-reader-text\">Categories<\/span><\/a><\/p>","protected":false},"author":5,"featured_media":0,"parent":3278,"menu_order":0,"comment_status":"closed","ping_status":"closed","template":"page-templates\/template-pagebuilder-full-width.php","meta":{"_monsterinsights_skip_tracking":false,"_monsterinsights_sitenote_active":false,"_monsterinsights_sitenote_note":"","_monsterinsights_sitenote_category":0,"neve_meta_sidebar":"full-width","neve_meta_container":"","neve_meta_enable_content_width":"on","neve_meta_content_width":100,"neve_meta_title_alignment":"","neve_meta_author_avatar":"","neve_post_elements_order":"","neve_meta_disable_header":"","neve_meta_disable_footer":"","neve_meta_disable_title":"","_ti_tpc_template_sync":false,"_ti_tpc_template_id":"","footnotes":""},"yoast_head":"<!-- This site is optimized with the Yoast SEO plugin v22.1 - https:\/\/yoast.com\/wordpress\/plugins\/seo\/ -->\n<title>Kategorien &amp; Kriterien | Lifestyle Innovation Award<\/title>\n<meta name=\"description\" content=\"Produkte aus verschiedenen Kategorien k\u00f6nnen sich unter bestimmten Kriterien f\u00fcr den Lifestyle Innovation Award bewerben \u00bb mehr erfahren!\" \/>\n<meta name=\"robots\" content=\"index, follow, max-snippet:-1, max-image-preview:large, max-video-preview:-1\" \/>\n<link rel=\"canonical\" href=\"https:\/\/lifestyleinnovationaward.de\/en\/award\/kategorien\/\" \/>\n<meta property=\"og:locale\" content=\"en_GB\" \/>\n<meta property=\"og:type\" content=\"article\" \/>\n<meta property=\"og:title\" content=\"Kategorien &amp; Kriterien | Lifestyle Innovation Award\" \/>\n<meta property=\"og:description\" content=\"Produkte aus verschiedenen Kategorien k\u00f6nnen sich unter bestimmten Kriterien f\u00fcr den Lifestyle Innovation Award bewerben \u00bb mehr erfahren!\" \/>\n<meta property=\"og:url\" content=\"https:\/\/lifestyleinnovationaward.de\/en\/award\/kategorien\/\" \/>\n<meta property=\"og:site_name\" content=\"Lifestyleinnovationaward\" \/>\n<meta property=\"article:modified_time\" content=\"2023-03-10T11:10:06+00:00\" \/>\n<meta property=\"og:image\" content=\"https:\/\/lifestyleinnovationaward.de\/wp-content\/uploads\/2021\/09\/kategorien-header-tw.jpg\" \/>\n\t<meta property=\"og:image:width\" content=\"1024\" \/>\n\t<meta property=\"og:image:height\" content=\"512\" \/>\n\t<meta property=\"og:image:type\" content=\"image\/jpeg\" \/>\n<meta name=\"twitter:card\" content=\"summary_large_image\" \/>\n<meta name=\"twitter:title\" content=\"Kategorien &amp; Kriterien | Lifestyle Innovation Award\" \/>\n<meta name=\"twitter:description\" content=\"Produkte aus verschiedenen Kategorien k\u00f6nnen sich unter bestimmten Kriterien f\u00fcr den Lifestyle Innovation Award bewerben \u00bb mehr erfahren!\" \/>\n<meta name=\"twitter:image\" content=\"https:\/\/lifestyleinnovationaward.de\/wp-content\/uploads\/2021\/09\/kategorien-header-og.jpg\" \/>\n<meta name=\"twitter:label1\" content=\"Estimated reading time\" \/>\n\t<meta name=\"twitter:data1\" content=\"1 minute\" \/>\n<script type=\"application\/ld+json\" class=\"yoast-schema-graph\">{\"@context\":\"https:\/\/schema.org\",\"@graph\":[{\"@type\":\"WebPage\",\"@id\":\"https:\/\/lifestyleinnovationaward.de\/award\/kategorien\/\",\"url\":\"https:\/\/lifestyleinnovationaward.de\/award\/kategorien\/\",\"name\":\"Kategorien & Kriterien | Lifestyle Innovation Award\",\"isPartOf\":{\"@id\":\"https:\/\/lifestyleinnovationaward.de\/#website\"},\"datePublished\":\"2020-09-10T14:02:43+00:00\",\"dateModified\":\"2023-03-10T11:10:06+00:00\",\"description\":\"Produkte aus verschiedenen Kategorien k\u00f6nnen sich unter bestimmten Kriterien f\u00fcr den Lifestyle Innovation Award bewerben \u00bb mehr erfahren!\",\"breadcrumb\":{\"@id\":\"https:\/\/lifestyleinnovationaward.de\/award\/kategorien\/#breadcrumb\"},\"inLanguage\":\"en-GB\",\"potentialAction\":[{\"@type\":\"ReadAction\",\"target\":[\"https:\/\/lifestyleinnovationaward.de\/award\/kategorien\/\"]}]},{\"@type\":\"BreadcrumbList\",\"@id\":\"https:\/\/lifestyleinnovationaward.de\/award\/kategorien\/#breadcrumb\",\"itemListElement\":[{\"@type\":\"ListItem\",\"position\":1,\"name\":\"Home\",\"item\":\"https:\/\/lifestyleinnovationaward.de\/\"},{\"@type\":\"ListItem\",\"position\":2,\"name\":\"Award\",\"item\":\"https:\/\/lifestyleinnovationaward.de\/award\/\"},{\"@type\":\"ListItem\",\"position\":3,\"name\":\"Kategorien\"}]},{\"@type\":\"WebSite\",\"@id\":\"https:\/\/lifestyleinnovationaward.de\/#website\",\"url\":\"https:\/\/lifestyleinnovationaward.de\/\",\"name\":\"Lifestyleinnovationaward\",\"description\":\"Mit immer neuen Ideen und Innovationen soll das Leben der Verbraucher angenehmer, sch\u00f6ner, ges\u00fcnder und noch vieles mehr werden.\",\"publisher\":{\"@id\":\"https:\/\/lifestyleinnovationaward.de\/#organization\"},\"potentialAction\":[{\"@type\":\"SearchAction\",\"target\":{\"@type\":\"EntryPoint\",\"urlTemplate\":\"https:\/\/lifestyleinnovationaward.de\/?s={search_term_string}\"},\"query-input\":\"required name=search_term_string\"}],\"inLanguage\":\"en-GB\"},{\"@type\":\"Organization\",\"@id\":\"https:\/\/lifestyleinnovationaward.de\/#organization\",\"name\":\"Lifestyleinnovationaward\",\"url\":\"https:\/\/lifestyleinnovationaward.de\/\",\"logo\":{\"@type\":\"ImageObject\",\"inLanguage\":\"en-GB\",\"@id\":\"https:\/\/lifestyleinnovationaward.de\/#\/schema\/logo\/image\/\",\"url\":\"https:\/\/lifestyleinnovationaward.de\/wp-content\/uploads\/2021\/05\/cropped-Transparent_LIA-Logo2021-22_RGB__OliveGrey_CC_NoRT-2.png\",\"contentUrl\":\"https:\/\/lifestyleinnovationaward.de\/wp-content\/uploads\/2021\/05\/cropped-Transparent_LIA-Logo2021-22_RGB__OliveGrey_CC_NoRT-2.png\",\"width\":2446,\"height\":1255,\"caption\":\"Lifestyleinnovationaward\"},\"image\":{\"@id\":\"https:\/\/lifestyleinnovationaward.de\/#\/schema\/logo\/image\/\"}}]}<\/script>\n<!-- \/ Yoast SEO plugin. -->","yoast_head_json":{"title":"Kategorien & Kriterien | Lifestyle Innovation Award","description":"Produkte aus verschiedenen Kategorien k\u00f6nnen sich unter bestimmten Kriterien f\u00fcr den Lifestyle Innovation Award bewerben \u00bb mehr erfahren!","robots":{"index":"index","follow":"follow","max-snippet":"max-snippet:-1","max-image-preview":"max-image-preview:large","max-video-preview":"max-video-preview:-1"},"canonical":"https:\/\/lifestyleinnovationaward.de\/en\/award\/kategorien\/","og_locale":"en_GB","og_type":"article","og_title":"Kategorien & Kriterien | Lifestyle Innovation Award","og_description":"Produkte aus verschiedenen Kategorien k\u00f6nnen sich unter bestimmten Kriterien f\u00fcr den Lifestyle Innovation Award bewerben \u00bb mehr erfahren!","og_url":"https:\/\/lifestyleinnovationaward.de\/en\/award\/kategorien\/","og_site_name":"Lifestyleinnovationaward","article_modified_time":"2023-03-10T11:10:06+00:00","og_image":[{"width":1024,"height":512,"url":"https:\/\/lifestyleinnovationaward.de\/wp-content\/uploads\/2021\/09\/kategorien-header-tw.jpg","type":"image\/jpeg"}],"twitter_card":"summary_large_image","twitter_title":"Kategorien & Kriterien | Lifestyle Innovation Award","twitter_description":"Produkte aus verschiedenen Kategorien k\u00f6nnen sich unter bestimmten Kriterien f\u00fcr den Lifestyle Innovation Award bewerben \u00bb mehr erfahren!","twitter_image":"https:\/\/lifestyleinnovationaward.de\/wp-content\/uploads\/2021\/09\/kategorien-header-og.jpg","twitter_misc":{"Estimated reading time":"1 minute"},"schema":{"@context":"https:\/\/schema.org","@graph":[{"@type":"WebPage","@id":"https:\/\/lifestyleinnovationaward.de\/award\/kategorien\/","url":"https:\/\/lifestyleinnovationaward.de\/award\/kategorien\/","name":"Kategorien & Kriterien | Lifestyle Innovation Award","isPartOf":{"@id":"https:\/\/lifestyleinnovationaward.de\/#website"},"datePublished":"2020-09-10T14:02:43+00:00","dateModified":"2023-03-10T11:10:06+00:00","description":"Produkte aus verschiedenen Kategorien k\u00f6nnen sich unter bestimmten Kriterien f\u00fcr den Lifestyle Innovation Award bewerben \u00bb mehr erfahren!","breadcrumb":{"@id":"https:\/\/lifestyleinnovationaward.de\/award\/kategorien\/#breadcrumb"},"inLanguage":"en-GB","potentialAction":[{"@type":"ReadAction","target":["https:\/\/lifestyleinnovationaward.de\/award\/kategorien\/"]}]},{"@type":"BreadcrumbList","@id":"https:\/\/lifestyleinnovationaward.de\/award\/kategorien\/#breadcrumb","itemListElement":[{"@type":"ListItem","position":1,"name":"Home","item":"https:\/\/lifestyleinnovationaward.de\/"},{"@type":"ListItem","position":2,"name":"Award","item":"https:\/\/lifestyleinnovationaward.de\/award\/"},{"@type":"ListItem","position":3,"name":"Kategorien"}]},{"@type":"WebSite","@id":"https:\/\/lifestyleinnovationaward.de\/#website","url":"https:\/\/lifestyleinnovationaward.de\/","name":"Lifestyleinnovationaward","description":"Mit immer neuen Ideen und Innovationen soll das Leben der Verbraucher angenehmer, sch\u00f6ner, ges\u00fcnder und noch vieles mehr werden.","publisher":{"@id":"https:\/\/lifestyleinnovationaward.de\/#organization"},"potentialAction":[{"@type":"SearchAction","target":{"@type":"EntryPoint","urlTemplate":"https:\/\/lifestyleinnovationaward.de\/?s={search_term_string}"},"query-input":"required name=search_term_string"}],"inLanguage":"en-GB"},{"@type":"Organization","@id":"https:\/\/lifestyleinnovationaward.de\/#organization","name":"Lifestyleinnovationaward","url":"https:\/\/lifestyleinnovationaward.de\/","logo":{"@type":"ImageObject","inLanguage":"en-GB","@id":"https:\/\/lifestyleinnovationaward.de\/#\/schema\/logo\/image\/","url":"https:\/\/lifestyleinnovationaward.de\/wp-content\/uploads\/2021\/05\/cropped-Transparent_LIA-Logo2021-22_RGB__OliveGrey_CC_NoRT-2.png","contentUrl":"https:\/\/lifestyleinnovationaward.de\/wp-content\/uploads\/2021\/05\/cropped-Transparent_LIA-Logo2021-22_RGB__OliveGrey_CC_NoRT-2.png","width":2446,"height":1255,"caption":"Lifestyleinnovationaward"},"image":{"@id":"https:\/\/lifestyleinnovationaward.de\/#\/schema\/logo\/image\/"}}]}},"_links":{"self":[{"href":"https:\/\/lifestyleinnovationaward.de\/en\/wp-json\/wp\/v2\/pages\/3283"}],"collection":[{"href":"https:\/\/lifestyleinnovationaward.de\/en\/wp-json\/wp\/v2\/pages"}],"about":[{"href":"https:\/\/lifestyleinnovationaward.de\/en\/wp-json\/wp\/v2\/types\/page"}],"author":[{"embeddable":true,"href":"https:\/\/lifestyleinnovationaward.de\/en\/wp-json\/wp\/v2\/users\/5"}],"replies":[{"embeddable":true,"href":"https:\/\/lifestyleinnovationaward.de\/en\/wp-json\/wp\/v2\/comments?post=3283"}],"version-history":[{"count":51,"href":"https:\/\/lifestyleinnovationaward.de\/en\/wp-json\/wp\/v2\/pages\/3283\/revisions"}],"predecessor-version":[{"id":6183,"href":"https:\/\/lifestyleinnovationaward.de\/en\/wp-json\/wp\/v2\/pages\/3283\/revisions\/6183"}],"up":[{"embeddable":true,"href":"https:\/\/lifestyleinnovationaward.de\/en\/wp-json\/wp\/v2\/pages\/3278"}],"wp:attachment":[{"href":"https:\/\/lifestyleinnovationaward.de\/en\/wp-json\/wp\/v2\/media?parent=3283"}],"curies":[{"name":"wp","href":"https:\/\/api.w.org\/{rel}","templated":true}]}}