{"id":3278,"date":"2020-09-10T15:54:00","date_gmt":"2020-09-10T13:54:00","guid":{"rendered":"http:\/\/kitcheninnovationaward.solution25s1.timmeserver.de\/?page_id=3278"},"modified":"2023-03-10T11:53:20","modified_gmt":"2023-03-10T10:53:20","slug":"award","status":"publish","type":"page","link":"https:\/\/lifestyleinnovationaward.de\/en\/award\/","title":{"rendered":"Award"},"content":{"rendered":"<div data-elementor-type=\"wp-page\" data-elementor-id=\"3278\" class=\"elementor elementor-3278\">\n\t\t\t\t\t\t<section class=\"elementor-section elementor-top-section elementor-element elementor-element-76e3ff9 elementor-section-full_width elementor-section-height-default elementor-section-height-default\" data-id=\"76e3ff9\" data-element_type=\"section\">\n\t\t\t\t\t\t<div class=\"elementor-container elementor-column-gap-default\">\n\t\t\t\t\t<div class=\"elementor-column elementor-col-100 elementor-top-column elementor-element elementor-element-663deb7\" data-id=\"663deb7\" data-element_type=\"column\" data-settings=\"{&quot;background_background&quot;:&quot;classic&quot;}\">\n\t\t\t<div class=\"elementor-widget-wrap elementor-element-populated\">\n\t\t\t\t\t\t<section class=\"elementor-section elementor-inner-section elementor-element elementor-element-35309b7 elementor-section-boxed elementor-section-height-default elementor-section-height-default\" data-id=\"35309b7\" data-element_type=\"section\" data-settings=\"{&quot;background_background&quot;:&quot;slideshow&quot;,&quot;background_slideshow_gallery&quot;:[{&quot;id&quot;:4687,&quot;url&quot;:&quot;https:\\\/\\\/lifestyleinnovationaward.de\\\/wp-content\\\/uploads\\\/2021\\\/05\\\/Award_Header-1.jpg&quot;}],&quot;background_slideshow_loop&quot;:&quot;yes&quot;,&quot;background_slideshow_slide_duration&quot;:5000,&quot;background_slideshow_slide_transition&quot;:&quot;fade&quot;,&quot;background_slideshow_transition_duration&quot;:500}\">\n\t\t\t\t\t\t<div class=\"elementor-container elementor-column-gap-default\">\n\t\t\t\t\t<div class=\"elementor-column elementor-col-100 elementor-inner-column elementor-element elementor-element-c18126b\" data-id=\"c18126b\" data-element_type=\"column\">\n\t\t\t<div class=\"elementor-widget-wrap elementor-element-populated\">\n\t\t\t\t\t\t<div class=\"elementor-element elementor-element-8e9669c elementor-icon-list--layout-inline pages-direction elementor-list-item-link-full_width elementor-widget elementor-widget-icon-list\" data-id=\"8e9669c\" data-element_type=\"widget\" data-widget_type=\"icon-list.default\">\n\t\t\t\t<div class=\"elementor-widget-container\">\n\t\t\t\t\t<ul class=\"elementor-icon-list-items elementor-inline-items\">\n\t\t\t\t\t\t\t<li class=\"elementor-icon-list-item elementor-inline-item\">\n\t\t\t\t\t\t\t\t\t\t<span class=\"elementor-icon-list-text\">Home<\/span>\n\t\t\t\t\t\t\t\t\t<\/li>\n\t\t\t\t\t\t\t\t<li class=\"elementor-icon-list-item elementor-inline-item\">\n\t\t\t\t\t\t\t\t\t\t\t<span class=\"elementor-icon-list-icon\">\n\t\t\t\t\t\t\t<i aria-hidden=\"true\" class=\"fas fa-chevron-right\"><\/i>\t\t\t\t\t\t<\/span>\n\t\t\t\t\t\t\t\t\t\t<span class=\"elementor-icon-list-text\">Award<\/span>\n\t\t\t\t\t\t\t\t\t<\/li>\n\t\t\t\t\t\t<\/ul>\n\t\t\t\t<\/div>\n\t\t\t\t<\/div>\n\t\t\t\t\t<\/div>\n\t\t<\/div>\n\t\t\t\t\t<\/div>\n\t\t<\/section>\n\t\t\t\t\t<\/div>\n\t\t<\/div>\n\t\t\t\t\t<\/div>\n\t\t<\/section>\n\t\t\t\t<section class=\"elementor-section elementor-top-section elementor-element elementor-element-b2753ca elementor-section-boxed elementor-section-height-default elementor-section-height-default\" data-id=\"b2753ca\" data-element_type=\"section\">\n\t\t\t\t\t\t<div class=\"elementor-container elementor-column-gap-default\">\n\t\t\t\t\t<div class=\"elementor-column elementor-col-100 elementor-top-column elementor-element elementor-element-29a74df\" data-id=\"29a74df\" data-element_type=\"column\">\n\t\t\t<div class=\"elementor-widget-wrap elementor-element-populated\">\n\t\t\t\t\t\t<div class=\"elementor-element elementor-element-9716532 elementor-widget elementor-widget-heading\" data-id=\"9716532\" data-element_type=\"widget\" data-widget_type=\"heading.default\">\n\t\t\t\t<div class=\"elementor-widget-container\">\n\t\t\t<h1 class=\"elementor-heading-title elementor-size-default\">AWARD<\/h1>\t\t<\/div>\n\t\t\t\t<\/div>\n\t\t\t\t<div class=\"elementor-element elementor-element-abb04c1 elementor-widget elementor-widget-heading\" data-id=\"abb04c1\" data-element_type=\"widget\" data-widget_type=\"heading.default\">\n\t\t\t\t<div class=\"elementor-widget-container\">\n\t\t\t<h2 class=\"elementor-heading-title elementor-size-default\">Our extraordinary selection procedure<\/h2>\t\t<\/div>\n\t\t\t\t<\/div>\n\t\t\t\t<div class=\"elementor-element elementor-element-5088975 elementor-widget elementor-widget-text-editor\" data-id=\"5088975\" data-element_type=\"widget\" data-widget_type=\"text-editor.default\">\n\t\t\t\t<div class=\"elementor-widget-container\">\n\t\t\t\t\t\t\t<p>Intended as a design-oriented innovation award our aim with the Lifestyle Innovation Award is to promote demand-oriented product innovation and highlight particularly convincing offers. The Lifestyle Innovation Award honours products that take up and fulfil the growing demand for innovative ideas for a good life, for lifestyle, design, expression of one's own personality and genuine \"problem solvers\". Thus, the \u2018Lifestyle Innovation Award\u2019 is a clear and objective decision-making aid for consumers, trade partners and corporate buyers. The Lifestyle Innovation Award is presented once a year for outstanding products from the Living &amp; Lifestyle sectors.<\/p>\t\t\t\t\t\t<\/div>\n\t\t\t\t<\/div>\n\t\t\t\t<div class=\"elementor-element elementor-element-47b99a3 elementor-align-left elementor-icon-list--layout-traditional elementor-list-item-link-full_width elementor-widget elementor-widget-icon-list\" data-id=\"47b99a3\" data-element_type=\"widget\" data-widget_type=\"icon-list.default\">\n\t\t\t\t<div class=\"elementor-widget-container\">\n\t\t\t\t\t<ul class=\"elementor-icon-list-items\">\n\t\t\t\t\t\t\t<li class=\"elementor-icon-list-item\">\n\t\t\t\t\t\t\t\t\t\t\t<span class=\"elementor-icon-list-icon\">\n\t\t\t\t\t\t\t<svg xmlns=\"http:\/\/www.w3.org\/2000\/svg\" xmlns:xlink=\"http:\/\/www.w3.org\/1999\/xlink\" xmlns:serif=\"http:\/\/www.serif.com\/\" width=\"100%\" height=\"100%\" viewbox=\"0 0 343 343\" xml:space=\"preserve\" style=\"fill-rule:evenodd;clip-rule:evenodd;stroke-linejoin:round;stroke-miterlimit:2;\"><g><path d=\"M172.177,212.446c-2.66,-0 -5.159,-1.037 -7.039,-2.918l-51.255,-51.255c-3.428,-3.428 -3.428,-8.986 0,-12.414c3.428,-3.428 8.987,-3.428 12.415,-0l45.879,45.878l101.246,-101.246c3.428,-3.428 8.986,-3.428 12.414,0c3.429,3.428 3.429,8.986 0,12.414l-106.625,106.626c-1.88,1.879 -4.378,2.915 -7.035,2.915Z\" style=\"fill:#d06b00;fill-rule:nonzero;\"><\/path><path d=\"M171.429,285.731c-64.504,0 -116.981,-52.477 -116.981,-116.98c-0,-64.503 52.477,-116.98 116.981,-116.98c23.074,0 45.395,6.712 64.551,19.409c4.042,2.679 5.146,8.126 2.468,12.167c-2.68,4.043 -8.128,5.146 -12.168,2.468c-16.271,-10.785 -35.238,-16.486 -54.851,-16.486c-54.822,-0 -99.424,44.6 -99.424,99.422c-0,54.822 44.602,99.423 99.424,99.423c54.822,0 99.422,-44.601 99.422,-99.423c0,-4.848 3.931,-8.779 8.779,-8.779c4.849,0 8.779,3.931 8.779,8.779c0,64.503 -52.476,116.98 -116.98,116.98Z\" style=\"fill:#d06b00;fill-rule:nonzero;\"><\/path><\/g><\/svg>\t\t\t\t\t\t<\/span>\n\t\t\t\t\t\t\t\t\t\t<span class=\"elementor-icon-list-text\">Basic module 1: Evaluation by expert jury<\/span>\n\t\t\t\t\t\t\t\t\t<\/li>\n\t\t\t\t\t\t\t\t<li class=\"elementor-icon-list-item\">\n\t\t\t\t\t\t\t\t\t\t\t<span class=\"elementor-icon-list-icon\">\n\t\t\t\t\t\t\t<svg xmlns=\"http:\/\/www.w3.org\/2000\/svg\" xmlns:xlink=\"http:\/\/www.w3.org\/1999\/xlink\" xmlns:serif=\"http:\/\/www.serif.com\/\" width=\"100%\" height=\"100%\" viewbox=\"0 0 343 343\" xml:space=\"preserve\" style=\"fill-rule:evenodd;clip-rule:evenodd;stroke-linejoin:round;stroke-miterlimit:2;\"><g><path d=\"M172.177,212.446c-2.66,-0 -5.159,-1.037 -7.039,-2.918l-51.255,-51.255c-3.428,-3.428 -3.428,-8.986 0,-12.414c3.428,-3.428 8.987,-3.428 12.415,-0l45.879,45.878l101.246,-101.246c3.428,-3.428 8.986,-3.428 12.414,0c3.429,3.428 3.429,8.986 0,12.414l-106.625,106.626c-1.88,1.879 -4.378,2.915 -7.035,2.915Z\" style=\"fill:#d06b00;fill-rule:nonzero;\"><\/path><path d=\"M171.429,285.731c-64.504,0 -116.981,-52.477 -116.981,-116.98c-0,-64.503 52.477,-116.98 116.981,-116.98c23.074,0 45.395,6.712 64.551,19.409c4.042,2.679 5.146,8.126 2.468,12.167c-2.68,4.043 -8.128,5.146 -12.168,2.468c-16.271,-10.785 -35.238,-16.486 -54.851,-16.486c-54.822,-0 -99.424,44.6 -99.424,99.422c-0,54.822 44.602,99.423 99.424,99.423c54.822,0 99.422,-44.601 99.422,-99.423c0,-4.848 3.931,-8.779 8.779,-8.779c4.849,0 8.779,3.931 8.779,8.779c0,64.503 -52.476,116.98 -116.98,116.98Z\" style=\"fill:#d06b00;fill-rule:nonzero;\"><\/path><\/g><\/svg>\t\t\t\t\t\t<\/span>\n\t\t\t\t\t\t\t\t\t\t<span class=\"elementor-icon-list-text\">Optional module 2: Consumer survey with trend study<\/span>\n\t\t\t\t\t\t\t\t\t<\/li>\n\t\t\t\t\t\t\t\t<li class=\"elementor-icon-list-item\">\n\t\t\t\t\t\t\t\t\t\t\t<span class=\"elementor-icon-list-icon\">\n\t\t\t\t\t\t\t<svg xmlns=\"http:\/\/www.w3.org\/2000\/svg\" xmlns:xlink=\"http:\/\/www.w3.org\/1999\/xlink\" xmlns:serif=\"http:\/\/www.serif.com\/\" width=\"100%\" height=\"100%\" viewbox=\"0 0 343 343\" xml:space=\"preserve\" style=\"fill-rule:evenodd;clip-rule:evenodd;stroke-linejoin:round;stroke-miterlimit:2;\"><g><path d=\"M172.177,212.446c-2.66,-0 -5.159,-1.037 -7.039,-2.918l-51.255,-51.255c-3.428,-3.428 -3.428,-8.986 0,-12.414c3.428,-3.428 8.987,-3.428 12.415,-0l45.879,45.878l101.246,-101.246c3.428,-3.428 8.986,-3.428 12.414,0c3.429,3.428 3.429,8.986 0,12.414l-106.625,106.626c-1.88,1.879 -4.378,2.915 -7.035,2.915Z\" style=\"fill:#d06b00;fill-rule:nonzero;\"><\/path><path d=\"M171.429,285.731c-64.504,0 -116.981,-52.477 -116.981,-116.98c-0,-64.503 52.477,-116.98 116.981,-116.98c23.074,0 45.395,6.712 64.551,19.409c4.042,2.679 5.146,8.126 2.468,12.167c-2.68,4.043 -8.128,5.146 -12.168,2.468c-16.271,-10.785 -35.238,-16.486 -54.851,-16.486c-54.822,-0 -99.424,44.6 -99.424,99.422c-0,54.822 44.602,99.423 99.424,99.423c54.822,0 99.422,-44.601 99.422,-99.423c0,-4.848 3.931,-8.779 8.779,-8.779c4.849,0 8.779,3.931 8.779,8.779c0,64.503 -52.476,116.98 -116.98,116.98Z\" style=\"fill:#d06b00;fill-rule:nonzero;\"><\/path><\/g><\/svg>\t\t\t\t\t\t<\/span>\n\t\t\t\t\t\t\t\t\t\t<span class=\"elementor-icon-list-text\">The Award<\/span>\n\t\t\t\t\t\t\t\t\t<\/li>\n\t\t\t\t\t\t\t\t<li class=\"elementor-icon-list-item\">\n\t\t\t\t\t\t\t\t\t\t\t<span class=\"elementor-icon-list-icon\">\n\t\t\t\t\t\t\t<svg xmlns=\"http:\/\/www.w3.org\/2000\/svg\" xmlns:xlink=\"http:\/\/www.w3.org\/1999\/xlink\" xmlns:serif=\"http:\/\/www.serif.com\/\" width=\"100%\" height=\"100%\" viewbox=\"0 0 343 343\" xml:space=\"preserve\" style=\"fill-rule:evenodd;clip-rule:evenodd;stroke-linejoin:round;stroke-miterlimit:2;\"><g><path d=\"M172.177,212.446c-2.66,-0 -5.159,-1.037 -7.039,-2.918l-51.255,-51.255c-3.428,-3.428 -3.428,-8.986 0,-12.414c3.428,-3.428 8.987,-3.428 12.415,-0l45.879,45.878l101.246,-101.246c3.428,-3.428 8.986,-3.428 12.414,0c3.429,3.428 3.429,8.986 0,12.414l-106.625,106.626c-1.88,1.879 -4.378,2.915 -7.035,2.915Z\" style=\"fill:#d06b00;fill-rule:nonzero;\"><\/path><path d=\"M171.429,285.731c-64.504,0 -116.981,-52.477 -116.981,-116.98c-0,-64.503 52.477,-116.98 116.981,-116.98c23.074,0 45.395,6.712 64.551,19.409c4.042,2.679 5.146,8.126 2.468,12.167c-2.68,4.043 -8.128,5.146 -12.168,2.468c-16.271,-10.785 -35.238,-16.486 -54.851,-16.486c-54.822,-0 -99.424,44.6 -99.424,99.422c-0,54.822 44.602,99.423 99.424,99.423c54.822,0 99.422,-44.601 99.422,-99.423c0,-4.848 3.931,-8.779 8.779,-8.779c4.849,0 8.779,3.931 8.779,8.779c0,64.503 -52.476,116.98 -116.98,116.98Z\" style=\"fill:#d06b00;fill-rule:nonzero;\"><\/path><\/g><\/svg>\t\t\t\t\t\t<\/span>\n\t\t\t\t\t\t\t\t\t\t<span class=\"elementor-icon-list-text\">Added Bonus<\/span>\n\t\t\t\t\t\t\t\t\t<\/li>\n\t\t\t\t\t\t<\/ul>\n\t\t\t\t<\/div>\n\t\t\t\t<\/div>\n\t\t\t\t<div class=\"elementor-element elementor-element-5e978f7 elementor-widget elementor-widget-button\" data-id=\"5e978f7\" data-element_type=\"widget\" data-widget_type=\"button.default\">\n\t\t\t\t<div class=\"elementor-widget-container\">\n\t\t\t\t\t<div class=\"elementor-button-wrapper\">\n\t\t\t<a class=\"elementor-button elementor-button-link elementor-size-sm\" href=\"https:\/\/lifestyleinnovationaward.de\/en\/award\/auswahlverfahren\/\">\n\t\t\t\t\t\t<span class=\"elementor-button-content-wrapper\">\n\t\t\t\t\t\t<span class=\"elementor-button-text\"><font style=\"vertical-align: inherit;\"><font style=\"vertical-align: inherit;\">To the Selection procedure<\/font><\/font><font style=\"vertical-align: inherit;\"><\/font><\/span>\n\t\t<\/span>\n\t\t\t\t\t<\/a>\n\t\t<\/div>\n\t\t\t\t<\/div>\n\t\t\t\t<\/div>\n\t\t\t\t\t<\/div>\n\t\t<\/div>\n\t\t\t\t\t<\/div>\n\t\t<\/section>\n\t\t\t\t<\/div>","protected":false},"excerpt":{"rendered":"<p>Home Award AWARD Unser au\u00dfergew\u00f6hnliches Auswahlverfahren Als designorientierter Innovationspreis konzipiert wollen wir mit dem Lifestyle Innovation Award bedarfsgerechte Produktinnovationen f\u00f6rdern und besonders \u00fcberzeugende Angebote herausstellen. Der Lifestyle Innovation Award pr\u00e4miert Produkte, die den wachsenden Bedarf nach innovativen Ideen f\u00fcr ein gutes Leben, nach Lifestyle, Design, Darstellung der eigenen Pers\u00f6nlichkeit und echten \u201eProbleml\u00f6sern\u201c aufgreifen und erf\u00fcllen.&hellip;&nbsp;<a href=\"https:\/\/lifestyleinnovationaward.de\/en\/award\/\" class=\"\" rel=\"bookmark\">Read More &raquo;<span class=\"screen-reader-text\">Award<\/span><\/a><\/p>","protected":false},"author":5,"featured_media":0,"parent":0,"menu_order":0,"comment_status":"closed","ping_status":"closed","template":"page-templates\/template-pagebuilder-full-width.php","meta":{"_monsterinsights_skip_tracking":false,"_monsterinsights_sitenote_active":false,"_monsterinsights_sitenote_note":"","_monsterinsights_sitenote_category":0,"neve_meta_sidebar":"full-width","neve_meta_container":"","neve_meta_enable_content_width":"on","neve_meta_content_width":100,"neve_meta_title_alignment":"","neve_meta_author_avatar":"","neve_post_elements_order":"","neve_meta_disable_header":"","neve_meta_disable_footer":"","neve_meta_disable_title":"","_ti_tpc_template_sync":false,"_ti_tpc_template_id":"","footnotes":""},"yoast_head":"<!-- This site is optimized with the Yoast SEO plugin v22.1 - https:\/\/yoast.com\/wordpress\/plugins\/seo\/ -->\n<title>Der Award | Lifestyle Innovation Award<\/title>\n<meta name=\"description\" content=\"Der Award ist alles andere als gew\u00f6hnlich: Als Konsumentenpreis dient er als klare und objektive Orientierung beim Kauf \u00bb mehr erfahren!\" \/>\n<meta name=\"robots\" content=\"index, follow, max-snippet:-1, max-image-preview:large, max-video-preview:-1\" \/>\n<link rel=\"canonical\" href=\"https:\/\/lifestyleinnovationaward.de\/en\/award\/\" \/>\n<meta property=\"og:locale\" content=\"en_GB\" \/>\n<meta property=\"og:type\" content=\"article\" \/>\n<meta property=\"og:title\" content=\"Der Award | Lifestyle Innovation Award\" \/>\n<meta property=\"og:description\" content=\"Der Award ist alles andere als gew\u00f6hnlich: Als Konsumentenpreis dient er als klare und objektive Orientierung beim Kauf \u00bb mehr erfahren!\" \/>\n<meta property=\"og:url\" content=\"https:\/\/lifestyleinnovationaward.de\/en\/award\/\" \/>\n<meta property=\"og:site_name\" content=\"Lifestyleinnovationaward\" \/>\n<meta property=\"article:modified_time\" content=\"2023-03-10T10:53:20+00:00\" \/>\n<meta property=\"og:image\" content=\"https:\/\/lifestyleinnovationaward.de\/wp-content\/uploads\/2021\/09\/award-header-og.jpg\" \/>\n\t<meta property=\"og:image:width\" content=\"1200\" \/>\n\t<meta property=\"og:image:height\" content=\"630\" \/>\n\t<meta property=\"og:image:type\" content=\"image\/jpeg\" \/>\n<meta name=\"twitter:card\" content=\"summary_large_image\" \/>\n<meta name=\"twitter:title\" content=\"Der Award | Lifestyle Innovation Award\" \/>\n<meta name=\"twitter:description\" content=\"Der Award ist alles andere als gew\u00f6hnlich: Als Konsumentenpreis dient er als klare und objektive Orientierung beim Kauf \u00bb mehr erfahren!\" \/>\n<meta name=\"twitter:image\" content=\"https:\/\/lifestyleinnovationaward.de\/wp-content\/uploads\/2021\/09\/award-header-tw.jpg\" \/>\n<meta name=\"twitter:label1\" content=\"Estimated reading time\" \/>\n\t<meta name=\"twitter:data1\" content=\"1 minute\" \/>\n<script type=\"application\/ld+json\" class=\"yoast-schema-graph\">{\"@context\":\"https:\/\/schema.org\",\"@graph\":[{\"@type\":\"WebPage\",\"@id\":\"https:\/\/lifestyleinnovationaward.de\/award\/\",\"url\":\"https:\/\/lifestyleinnovationaward.de\/award\/\",\"name\":\"Der Award | Lifestyle Innovation Award\",\"isPartOf\":{\"@id\":\"https:\/\/lifestyleinnovationaward.de\/#website\"},\"datePublished\":\"2020-09-10T13:54:00+00:00\",\"dateModified\":\"2023-03-10T10:53:20+00:00\",\"description\":\"Der Award ist alles andere als gew\u00f6hnlich: Als Konsumentenpreis dient er als klare und objektive Orientierung beim Kauf \u00bb mehr erfahren!\",\"breadcrumb\":{\"@id\":\"https:\/\/lifestyleinnovationaward.de\/award\/#breadcrumb\"},\"inLanguage\":\"en-GB\",\"potentialAction\":[{\"@type\":\"ReadAction\",\"target\":[\"https:\/\/lifestyleinnovationaward.de\/award\/\"]}]},{\"@type\":\"BreadcrumbList\",\"@id\":\"https:\/\/lifestyleinnovationaward.de\/award\/#breadcrumb\",\"itemListElement\":[{\"@type\":\"ListItem\",\"position\":1,\"name\":\"Home\",\"item\":\"https:\/\/lifestyleinnovationaward.de\/\"},{\"@type\":\"ListItem\",\"position\":2,\"name\":\"Award\"}]},{\"@type\":\"WebSite\",\"@id\":\"https:\/\/lifestyleinnovationaward.de\/#website\",\"url\":\"https:\/\/lifestyleinnovationaward.de\/\",\"name\":\"Lifestyleinnovationaward\",\"description\":\"Mit immer neuen Ideen und Innovationen soll das Leben der Verbraucher angenehmer, sch\u00f6ner, ges\u00fcnder und noch vieles mehr werden.\",\"publisher\":{\"@id\":\"https:\/\/lifestyleinnovationaward.de\/#organization\"},\"potentialAction\":[{\"@type\":\"SearchAction\",\"target\":{\"@type\":\"EntryPoint\",\"urlTemplate\":\"https:\/\/lifestyleinnovationaward.de\/?s={search_term_string}\"},\"query-input\":\"required name=search_term_string\"}],\"inLanguage\":\"en-GB\"},{\"@type\":\"Organization\",\"@id\":\"https:\/\/lifestyleinnovationaward.de\/#organization\",\"name\":\"Lifestyleinnovationaward\",\"url\":\"https:\/\/lifestyleinnovationaward.de\/\",\"logo\":{\"@type\":\"ImageObject\",\"inLanguage\":\"en-GB\",\"@id\":\"https:\/\/lifestyleinnovationaward.de\/#\/schema\/logo\/image\/\",\"url\":\"https:\/\/lifestyleinnovationaward.de\/wp-content\/uploads\/2021\/05\/cropped-Transparent_LIA-Logo2021-22_RGB__OliveGrey_CC_NoRT-2.png\",\"contentUrl\":\"https:\/\/lifestyleinnovationaward.de\/wp-content\/uploads\/2021\/05\/cropped-Transparent_LIA-Logo2021-22_RGB__OliveGrey_CC_NoRT-2.png\",\"width\":2446,\"height\":1255,\"caption\":\"Lifestyleinnovationaward\"},\"image\":{\"@id\":\"https:\/\/lifestyleinnovationaward.de\/#\/schema\/logo\/image\/\"}}]}<\/script>\n<!-- \/ Yoast SEO plugin. -->","yoast_head_json":{"title":"Der Award | Lifestyle Innovation Award","description":"Der Award ist alles andere als gew\u00f6hnlich: Als Konsumentenpreis dient er als klare und objektive Orientierung beim Kauf \u00bb mehr erfahren!","robots":{"index":"index","follow":"follow","max-snippet":"max-snippet:-1","max-image-preview":"max-image-preview:large","max-video-preview":"max-video-preview:-1"},"canonical":"https:\/\/lifestyleinnovationaward.de\/en\/award\/","og_locale":"en_GB","og_type":"article","og_title":"Der Award | Lifestyle Innovation Award","og_description":"Der Award ist alles andere als gew\u00f6hnlich: Als Konsumentenpreis dient er als klare und objektive Orientierung beim Kauf \u00bb mehr erfahren!","og_url":"https:\/\/lifestyleinnovationaward.de\/en\/award\/","og_site_name":"Lifestyleinnovationaward","article_modified_time":"2023-03-10T10:53:20+00:00","og_image":[{"width":1200,"height":630,"url":"https:\/\/lifestyleinnovationaward.de\/wp-content\/uploads\/2021\/09\/award-header-og.jpg","type":"image\/jpeg"}],"twitter_card":"summary_large_image","twitter_title":"Der Award | Lifestyle Innovation Award","twitter_description":"Der Award ist alles andere als gew\u00f6hnlich: Als Konsumentenpreis dient er als klare und objektive Orientierung beim Kauf \u00bb mehr erfahren!","twitter_image":"https:\/\/lifestyleinnovationaward.de\/wp-content\/uploads\/2021\/09\/award-header-tw.jpg","twitter_misc":{"Estimated reading time":"1 minute"},"schema":{"@context":"https:\/\/schema.org","@graph":[{"@type":"WebPage","@id":"https:\/\/lifestyleinnovationaward.de\/award\/","url":"https:\/\/lifestyleinnovationaward.de\/award\/","name":"Der Award | Lifestyle Innovation Award","isPartOf":{"@id":"https:\/\/lifestyleinnovationaward.de\/#website"},"datePublished":"2020-09-10T13:54:00+00:00","dateModified":"2023-03-10T10:53:20+00:00","description":"Der Award ist alles andere als gew\u00f6hnlich: Als Konsumentenpreis dient er als klare und objektive Orientierung beim Kauf \u00bb mehr erfahren!","breadcrumb":{"@id":"https:\/\/lifestyleinnovationaward.de\/award\/#breadcrumb"},"inLanguage":"en-GB","potentialAction":[{"@type":"ReadAction","target":["https:\/\/lifestyleinnovationaward.de\/award\/"]}]},{"@type":"BreadcrumbList","@id":"https:\/\/lifestyleinnovationaward.de\/award\/#breadcrumb","itemListElement":[{"@type":"ListItem","position":1,"name":"Home","item":"https:\/\/lifestyleinnovationaward.de\/"},{"@type":"ListItem","position":2,"name":"Award"}]},{"@type":"WebSite","@id":"https:\/\/lifestyleinnovationaward.de\/#website","url":"https:\/\/lifestyleinnovationaward.de\/","name":"Lifestyleinnovationaward","description":"Mit immer neuen Ideen und Innovationen soll das Leben der Verbraucher angenehmer, sch\u00f6ner, ges\u00fcnder und noch vieles mehr werden.","publisher":{"@id":"https:\/\/lifestyleinnovationaward.de\/#organization"},"potentialAction":[{"@type":"SearchAction","target":{"@type":"EntryPoint","urlTemplate":"https:\/\/lifestyleinnovationaward.de\/?s={search_term_string}"},"query-input":"required name=search_term_string"}],"inLanguage":"en-GB"},{"@type":"Organization","@id":"https:\/\/lifestyleinnovationaward.de\/#organization","name":"Lifestyleinnovationaward","url":"https:\/\/lifestyleinnovationaward.de\/","logo":{"@type":"ImageObject","inLanguage":"en-GB","@id":"https:\/\/lifestyleinnovationaward.de\/#\/schema\/logo\/image\/","url":"https:\/\/lifestyleinnovationaward.de\/wp-content\/uploads\/2021\/05\/cropped-Transparent_LIA-Logo2021-22_RGB__OliveGrey_CC_NoRT-2.png","contentUrl":"https:\/\/lifestyleinnovationaward.de\/wp-content\/uploads\/2021\/05\/cropped-Transparent_LIA-Logo2021-22_RGB__OliveGrey_CC_NoRT-2.png","width":2446,"height":1255,"caption":"Lifestyleinnovationaward"},"image":{"@id":"https:\/\/lifestyleinnovationaward.de\/#\/schema\/logo\/image\/"}}]}},"_links":{"self":[{"href":"https:\/\/lifestyleinnovationaward.de\/en\/wp-json\/wp\/v2\/pages\/3278"}],"collection":[{"href":"https:\/\/lifestyleinnovationaward.de\/en\/wp-json\/wp\/v2\/pages"}],"about":[{"href":"https:\/\/lifestyleinnovationaward.de\/en\/wp-json\/wp\/v2\/types\/page"}],"author":[{"embeddable":true,"href":"https:\/\/lifestyleinnovationaward.de\/en\/wp-json\/wp\/v2\/users\/5"}],"replies":[{"embeddable":true,"href":"https:\/\/lifestyleinnovationaward.de\/en\/wp-json\/wp\/v2\/comments?post=3278"}],"version-history":[{"count":43,"href":"https:\/\/lifestyleinnovationaward.de\/en\/wp-json\/wp\/v2\/pages\/3278\/revisions"}],"predecessor-version":[{"id":6174,"href":"https:\/\/lifestyleinnovationaward.de\/en\/wp-json\/wp\/v2\/pages\/3278\/revisions\/6174"}],"wp:attachment":[{"href":"https:\/\/lifestyleinnovationaward.de\/en\/wp-json\/wp\/v2\/media?parent=3278"}],"curies":[{"name":"wp","href":"https:\/\/api.w.org\/{rel}","templated":true}]}}